{"id":1872,"date":"2024-09-04T12:43:20","date_gmt":"2024-09-04T12:43:20","guid":{"rendered":"https:\/\/www.bulkprocessingsystems.be\/product\/wamair-vacuum\/"},"modified":"2024-09-06T12:41:46","modified_gmt":"2024-09-06T12:41:46","slug":"wamair-vacuum","status":"publish","type":"product","link":"https:\/\/www.bulkprocessingsystems.be\/fr\/produit\/wamair-vacuum\/","title":{"rendered":"WAMAIR Vacu\u00fcm"},"content":{"rendered":"","protected":false},"excerpt":{"rendered":"<div class=\"flex_column_table av-14yg8c6-7340833c9d97c38a21963a52d4ea8738 sc-av_two_third av-equal-height-column-flextable\">\n<div class=\"flex_column av-14yg8c6-7340833c9d97c38a21963a52d4ea8738 av_two_third avia-builder-el-84 el_before_av_one_third avia-builder-el-first first flex_column_table_cell av-equal-height-column av-align-top \">\n<section class=\"av_textblock_section av-zv5ibq-7988189e8dc06da6d5deaba36da5dc61 \">\n<div class=\"avia_textblock\"> WAMAIR Vacuum est un filtre rectangulaire pour les applications dans les syst\u00e8mes de transport pneumatique sous d\u00e9pression. Les \u00e9l\u00e9ments filtrants sont ins\u00e9r\u00e9s verticalement ou horizontalement, et le syst\u00e8me de nettoyage \u00e0 air comprim\u00e9 est int\u00e9gr\u00e9 dans la porte d&rsquo;acc\u00e8s. WAMAIR Vacuum est con\u00e7u pour une utilisation jusqu&rsquo;\u00e0 une d\u00e9pression maximale de -0,6 bar. Il est particuli\u00e8rement adapt\u00e9 comme s\u00e9parateur de produits dans un syst\u00e8me de transport pneumatique. Ses caract\u00e9ristiques techniques et son syst\u00e8me de nettoyage \u00e0 air comprim\u00e9 le rendent adapt\u00e9 aux processus continus. Son design compact le rend id\u00e9al pour les applications o\u00f9 l&rsquo;espace est limit\u00e9.      <\/div>\n<\/section>\n<\/div>\n<div class=\"flex_column av-t8p6ty-0f79a30070e44786b12f15172c13d8e2 av_one_third avia-builder-el-91 el_after_av_two_third el_before_av_one_third flex_column_table_cell av-equal-height-column av-align-top \"><\/br><\/br>Fonctions<\/div>\n<\/div>\n<div class=\"flex_column av-q7akpi-80df8c71ca13404234cef9d8243c1d73 av_one_third avia-builder-el-93 el_after_av_one_third el_before_av_one_third first no_margin flex_column_div column-top-margin\">\n<section class=\"av_textblock_section av-o99s92-f24c6ca83b6c5d2d7bf34105ce04c484 \">\n<div class=\"avia_textblock\">\n<ul>\n<li>Adapt\u00e9 pour des applications jusqu&rsquo;\u00e0 une r\u00e9sistance \u00e0 la d\u00e9pression de -0,6 bar<\/li>\n<li>Bo\u00eetier robuste<\/li>\n<li>Surface filtrante : 3 \u00e0 18 m\u00b2<\/li>\n<li>Volume d&rsquo;air : 250 \u00e0 1 500 m\u00b3\/h<\/li>\n<li>Niveau d&rsquo;\u00e9mission faible gr\u00e2ce aux m\u00e9dias filtrants certifi\u00e9s B.I.A.<\/li>\n<li>Syst\u00e8me de nettoyage \u00e0 air comprim\u00e9 sans entretien int\u00e9gr\u00e9 dans la couverture de protection<\/li>\n<li>Panneau de commande \u00e9lectronique programmable inclus en version standard<\/li>\n<li>Fermetures \u00e0 charni\u00e8re en inox 304<\/li>\n<li>Charni\u00e8res de porte en inox 304 flottantes<\/li>\n<li>Ventilateur disponible en diff\u00e9rentes tensions, fr\u00e9quences et puissances<\/li>\n<\/ul>\n<\/div>\n<\/section>\n<\/div>\n<div class=\"flex_column av-kzze2u-dbd2b589f4f182fef147576d2293f398 av_one_third avia-builder-el-96 el_after_av_one_third el_before_av_one_third no_margin flex_column_div column-top-margin\">\n<section class=\"av_textblock_section av-itc12e-0ab1bb39d049b692ae24f54c076e5a3d \">\n<div class=\"avia_textblock\"> Avantages <\/p>\n<ul>\n<li>Syst\u00e8me de nettoyage \u00e0 air comprim\u00e9 sans entretien int\u00e9gr\u00e9 dans la couverture de protection<\/li>\n<li>Haute efficacit\u00e9 de nettoyage gr\u00e2ce aux \u00e9lectrovannes \u00ab enti\u00e8rement int\u00e9gr\u00e9es \u00bb dans un r\u00e9servoir d&rsquo;air en aluminium<\/li>\n<li>Haute efficacit\u00e9 de filtration attribu\u00e9e aux \u00e9l\u00e9ments filtrants uniques WAM\u00ae<\/li>\n<\/ul>\n<\/div>\n<\/section>\n<section class=\"av_textblock_section av-g2cxgm-1f8bd8643d02a5c0929f3895af6faa64 \">\n<div class=\"avia_textblock\"> Options <\/p>\n<ul>\n<li>Bo\u00eetier en inox 316<\/li>\n<li>Mesure \u00e9lectronique de la diff\u00e9rence de pression (MDPE)<\/li>\n<li>Protection hivernale pour \u00e9lectrovannes<\/li>\n<\/ul>\n<\/div>\n<\/section>\n<\/div>\n<div class=\"flex_column av-cp22o6-7bb0befad6b5b4c406ba50dfdb40a3f1 av_one_third avia-builder-el-101 el_after_av_one_third avia-builder-el-last no_margin flex_column_div column-top-margin\">\n<section class=\"av_textblock_section av-a5xgti-04c6caed9faca1bff67f1cf0fb291178 \">\n<div class=\"avia_textblock\"> Versions disponibles <\/p>\n<ul>\n<li>Type FPNH : filtres d&rsquo;insertion horizontaux<\/li>\n<li>Type FPNV : filtres \u00e0 poussi\u00e8re verticaux<\/li>\n<li>Version ATEX du WAMAIR Vacuum disponible<\/li>\n<\/ul>\n<\/div>\n<\/section>\n<\/div>\n","protected":false},"featured_media":1696,"template":"","meta":{"_et_pb_use_builder":"","_et_pb_old_content":"","_et_gb_content_width":""},"product_brand":[],"product_cat":[84,86],"product_tag":[],"class_list":{"0":"post-1872","1":"product","2":"type-product","3":"status-publish","4":"has-post-thumbnail","6":"product_cat-filters-fr","7":"product_cat-ontstoffingsfilters-fr","9":"first","10":"instock","11":"shipping-taxable","12":"purchasable","13":"product-type-simple"},"yoast_head":"<!-- This site is optimized with the Yoast SEO plugin v27.3 - https:\/\/yoast.com\/product\/yoast-seo-wordpress\/ -->\n<title>WAMAIR Vacu\u00fcm - Bulk Processing Systems<\/title>\n<meta name=\"robots\" content=\"index, follow, max-snippet:-1, max-image-preview:large, max-video-preview:-1\" \/>\n<link rel=\"canonical\" href=\"https:\/\/www.bulkprocessingsystems.be\/fr\/produit\/wamair-vacuum\/\" \/>\n<meta property=\"og:locale\" content=\"fr_FR\" \/>\n<meta property=\"og:type\" content=\"article\" \/>\n<meta property=\"og:title\" content=\"WAMAIR Vacu\u00fcm - Bulk Processing Systems\" \/>\n<meta property=\"og:description\" content=\"WAMAIR Vacuum est un filtre rectangulaire pour les applications dans les syst\u00e8mes de transport pneumatique sous d\u00e9pression. Les \u00e9l\u00e9ments filtrants sont ins\u00e9r\u00e9s verticalement ou horizontalement, et le syst\u00e8me de nettoyage \u00e0 air comprim\u00e9 est int\u00e9gr\u00e9 dans la porte d&#039;acc\u00e8s. WAMAIR Vacuum est con\u00e7u pour une utilisation jusqu&#039;\u00e0 une d\u00e9pression maximale de -0,6 bar. Il est particuli\u00e8rement adapt\u00e9 comme s\u00e9parateur de produits dans un syst\u00e8me de transport pneumatique. Ses caract\u00e9ristiques techniques et son syst\u00e8me de nettoyage \u00e0 air comprim\u00e9 le rendent adapt\u00e9 aux processus continus. Son design compact le rend id\u00e9al pour les applications o\u00f9 l&#039;espace est limit\u00e9.    Fonctions    Adapt\u00e9 pour des applications jusqu&#039;\u00e0 une r\u00e9sistance \u00e0 la d\u00e9pression de -0,6 bar  Bo\u00eetier robuste  Surface filtrante : 3 \u00e0 18 m\u00b2  Volume d&#039;air : 250 \u00e0 1 500 m\u00b3\/h  Niveau d&#039;\u00e9mission faible gr\u00e2ce aux m\u00e9dias filtrants certifi\u00e9s B.I.A.  Syst\u00e8me de nettoyage \u00e0 air comprim\u00e9 sans entretien int\u00e9gr\u00e9 dans la couverture de protection  Panneau de commande \u00e9lectronique programmable inclus en version standard  Fermetures \u00e0 charni\u00e8re en inox 304  Charni\u00e8res de porte en inox 304 flottantes  Ventilateur disponible en diff\u00e9rentes tensions, fr\u00e9quences et puissances   Avantages  Syst\u00e8me de nettoyage \u00e0 air comprim\u00e9 sans entretien int\u00e9gr\u00e9 dans la couverture de protection  Haute efficacit\u00e9 de nettoyage gr\u00e2ce aux \u00e9lectrovannes \u00ab enti\u00e8rement int\u00e9gr\u00e9es \u00bb dans un r\u00e9servoir d&#039;air en aluminium  Haute efficacit\u00e9 de filtration attribu\u00e9e aux \u00e9l\u00e9ments filtrants uniques WAM\u00ae   Options  Bo\u00eetier en inox 316  Mesure \u00e9lectronique de la diff\u00e9rence de pression (MDPE)  Protection hivernale pour \u00e9lectrovannes   Versions disponibles  Type FPNH : filtres d&#039;insertion horizontaux  Type FPNV : filtres \u00e0 poussi\u00e8re verticaux  Version ATEX du WAMAIR Vacuum disponible\" \/>\n<meta property=\"og:url\" content=\"https:\/\/www.bulkprocessingsystems.be\/fr\/produit\/wamair-vacuum\/\" \/>\n<meta property=\"og:site_name\" content=\"Bulk Processing Systems\" \/>\n<meta property=\"article:publisher\" content=\"https:\/\/www.facebook.com\/profile.php?id=100054657810104\" \/>\n<meta property=\"article:modified_time\" content=\"2024-09-06T12:41:46+00:00\" \/>\n<meta property=\"og:image\" content=\"https:\/\/www.bulkprocessingsystems.be\/wp-content\/uploads\/2024\/09\/BPS-WAMAIR-Vacuum-2.jpg\" \/>\n\t<meta property=\"og:image:width\" content=\"870\" \/>\n\t<meta property=\"og:image:height\" content=\"516\" \/>\n\t<meta property=\"og:image:type\" content=\"image\/jpeg\" \/>\n<meta name=\"twitter:card\" content=\"summary_large_image\" \/>\n<script type=\"application\/ld+json\" class=\"yoast-schema-graph\">{\"@context\":\"https:\\\/\\\/schema.org\",\"@graph\":[{\"@type\":\"WebPage\",\"@id\":\"https:\\\/\\\/www.bulkprocessingsystems.be\\\/fr\\\/produit\\\/wamair-vacuum\\\/\",\"url\":\"https:\\\/\\\/www.bulkprocessingsystems.be\\\/fr\\\/produit\\\/wamair-vacuum\\\/\",\"name\":\"WAMAIR Vacu\u00fcm - Bulk Processing Systems\",\"isPartOf\":{\"@id\":\"https:\\\/\\\/www.bulkprocessingsystems.be\\\/fr\\\/#website\"},\"primaryImageOfPage\":{\"@id\":\"https:\\\/\\\/www.bulkprocessingsystems.be\\\/fr\\\/produit\\\/wamair-vacuum\\\/#primaryimage\"},\"image\":{\"@id\":\"https:\\\/\\\/www.bulkprocessingsystems.be\\\/fr\\\/produit\\\/wamair-vacuum\\\/#primaryimage\"},\"thumbnailUrl\":\"https:\\\/\\\/www.bulkprocessingsystems.be\\\/wp-content\\\/uploads\\\/2024\\\/09\\\/BPS-WAMAIR-Vacuum-2.jpg\",\"datePublished\":\"2024-09-04T12:43:20+00:00\",\"dateModified\":\"2024-09-06T12:41:46+00:00\",\"breadcrumb\":{\"@id\":\"https:\\\/\\\/www.bulkprocessingsystems.be\\\/fr\\\/produit\\\/wamair-vacuum\\\/#breadcrumb\"},\"inLanguage\":\"fr-FR\",\"potentialAction\":[{\"@type\":\"ReadAction\",\"target\":[\"https:\\\/\\\/www.bulkprocessingsystems.be\\\/fr\\\/produit\\\/wamair-vacuum\\\/\"]}]},{\"@type\":\"ImageObject\",\"inLanguage\":\"fr-FR\",\"@id\":\"https:\\\/\\\/www.bulkprocessingsystems.be\\\/fr\\\/produit\\\/wamair-vacuum\\\/#primaryimage\",\"url\":\"https:\\\/\\\/www.bulkprocessingsystems.be\\\/wp-content\\\/uploads\\\/2024\\\/09\\\/BPS-WAMAIR-Vacuum-2.jpg\",\"contentUrl\":\"https:\\\/\\\/www.bulkprocessingsystems.be\\\/wp-content\\\/uploads\\\/2024\\\/09\\\/BPS-WAMAIR-Vacuum-2.jpg\",\"width\":870,\"height\":516,\"caption\":\"BPS - WAMAIR Vacu\u00fcm\"},{\"@type\":\"BreadcrumbList\",\"@id\":\"https:\\\/\\\/www.bulkprocessingsystems.be\\\/fr\\\/produit\\\/wamair-vacuum\\\/#breadcrumb\",\"itemListElement\":[{\"@type\":\"ListItem\",\"position\":1,\"name\":\"Home\",\"item\":\"https:\\\/\\\/www.bulkprocessingsystems.be\\\/fr\\\/\"},{\"@type\":\"ListItem\",\"position\":2,\"name\":\"Produits\",\"item\":\"https:\\\/\\\/www.bulkprocessingsystems.be\\\/fr\\\/shop\\\/\"},{\"@type\":\"ListItem\",\"position\":3,\"name\":\"WAMAIR Vacu\u00fcm\"}]},{\"@type\":\"WebSite\",\"@id\":\"https:\\\/\\\/www.bulkprocessingsystems.be\\\/fr\\\/#website\",\"url\":\"https:\\\/\\\/www.bulkprocessingsystems.be\\\/fr\\\/\",\"name\":\"Bulk Processing Systems\",\"description\":\"\",\"publisher\":{\"@id\":\"https:\\\/\\\/www.bulkprocessingsystems.be\\\/fr\\\/#organization\"},\"potentialAction\":[{\"@type\":\"SearchAction\",\"target\":{\"@type\":\"EntryPoint\",\"urlTemplate\":\"https:\\\/\\\/www.bulkprocessingsystems.be\\\/fr\\\/?s={search_term_string}\"},\"query-input\":{\"@type\":\"PropertyValueSpecification\",\"valueRequired\":true,\"valueName\":\"search_term_string\"}}],\"inLanguage\":\"fr-FR\"},{\"@type\":\"Organization\",\"@id\":\"https:\\\/\\\/www.bulkprocessingsystems.be\\\/fr\\\/#organization\",\"name\":\"Bulk Processing Systems\",\"url\":\"https:\\\/\\\/www.bulkprocessingsystems.be\\\/fr\\\/\",\"logo\":{\"@type\":\"ImageObject\",\"inLanguage\":\"fr-FR\",\"@id\":\"https:\\\/\\\/www.bulkprocessingsystems.be\\\/fr\\\/#\\\/schema\\\/logo\\\/image\\\/\",\"url\":\"https:\\\/\\\/www.bulkprocessingsystems.be\\\/wp-content\\\/uploads\\\/2024\\\/07\\\/BPS-logo-II-transparant-zwart.png\",\"contentUrl\":\"https:\\\/\\\/www.bulkprocessingsystems.be\\\/wp-content\\\/uploads\\\/2024\\\/07\\\/BPS-logo-II-transparant-zwart.png\",\"width\":708,\"height\":528,\"caption\":\"Bulk Processing Systems\"},\"image\":{\"@id\":\"https:\\\/\\\/www.bulkprocessingsystems.be\\\/fr\\\/#\\\/schema\\\/logo\\\/image\\\/\"},\"sameAs\":[\"https:\\\/\\\/www.facebook.com\\\/profile.php?id=100054657810104\",\"https:\\\/\\\/www.linkedin.com\\\/company\\\/bulk-processing-systems\\\/\"]}]}<\/script>\n<!-- \/ Yoast SEO plugin. -->","yoast_head_json":{"title":"WAMAIR Vacu\u00fcm - Bulk Processing Systems","robots":{"index":"index","follow":"follow","max-snippet":"max-snippet:-1","max-image-preview":"max-image-preview:large","max-video-preview":"max-video-preview:-1"},"canonical":"https:\/\/www.bulkprocessingsystems.be\/fr\/produit\/wamair-vacuum\/","og_locale":"fr_FR","og_type":"article","og_title":"WAMAIR Vacu\u00fcm - Bulk Processing Systems","og_description":"WAMAIR Vacuum est un filtre rectangulaire pour les applications dans les syst\u00e8mes de transport pneumatique sous d\u00e9pression. Les \u00e9l\u00e9ments filtrants sont ins\u00e9r\u00e9s verticalement ou horizontalement, et le syst\u00e8me de nettoyage \u00e0 air comprim\u00e9 est int\u00e9gr\u00e9 dans la porte d'acc\u00e8s. WAMAIR Vacuum est con\u00e7u pour une utilisation jusqu'\u00e0 une d\u00e9pression maximale de -0,6 bar. Il est particuli\u00e8rement adapt\u00e9 comme s\u00e9parateur de produits dans un syst\u00e8me de transport pneumatique. Ses caract\u00e9ristiques techniques et son syst\u00e8me de nettoyage \u00e0 air comprim\u00e9 le rendent adapt\u00e9 aux processus continus. Son design compact le rend id\u00e9al pour les applications o\u00f9 l'espace est limit\u00e9.    Fonctions    Adapt\u00e9 pour des applications jusqu'\u00e0 une r\u00e9sistance \u00e0 la d\u00e9pression de -0,6 bar  Bo\u00eetier robuste  Surface filtrante : 3 \u00e0 18 m\u00b2  Volume d'air : 250 \u00e0 1 500 m\u00b3\/h  Niveau d'\u00e9mission faible gr\u00e2ce aux m\u00e9dias filtrants certifi\u00e9s B.I.A.  Syst\u00e8me de nettoyage \u00e0 air comprim\u00e9 sans entretien int\u00e9gr\u00e9 dans la couverture de protection  Panneau de commande \u00e9lectronique programmable inclus en version standard  Fermetures \u00e0 charni\u00e8re en inox 304  Charni\u00e8res de porte en inox 304 flottantes  Ventilateur disponible en diff\u00e9rentes tensions, fr\u00e9quences et puissances   Avantages  Syst\u00e8me de nettoyage \u00e0 air comprim\u00e9 sans entretien int\u00e9gr\u00e9 dans la couverture de protection  Haute efficacit\u00e9 de nettoyage gr\u00e2ce aux \u00e9lectrovannes \u00ab enti\u00e8rement int\u00e9gr\u00e9es \u00bb dans un r\u00e9servoir d'air en aluminium  Haute efficacit\u00e9 de filtration attribu\u00e9e aux \u00e9l\u00e9ments filtrants uniques WAM\u00ae   Options  Bo\u00eetier en inox 316  Mesure \u00e9lectronique de la diff\u00e9rence de pression (MDPE)  Protection hivernale pour \u00e9lectrovannes   Versions disponibles  Type FPNH : filtres d'insertion horizontaux  Type FPNV : filtres \u00e0 poussi\u00e8re verticaux  Version ATEX du WAMAIR Vacuum disponible","og_url":"https:\/\/www.bulkprocessingsystems.be\/fr\/produit\/wamair-vacuum\/","og_site_name":"Bulk Processing Systems","article_publisher":"https:\/\/www.facebook.com\/profile.php?id=100054657810104","article_modified_time":"2024-09-06T12:41:46+00:00","og_image":[{"width":870,"height":516,"url":"https:\/\/www.bulkprocessingsystems.be\/wp-content\/uploads\/2024\/09\/BPS-WAMAIR-Vacuum-2.jpg","type":"image\/jpeg"}],"twitter_card":"summary_large_image","schema":{"@context":"https:\/\/schema.org","@graph":[{"@type":"WebPage","@id":"https:\/\/www.bulkprocessingsystems.be\/fr\/produit\/wamair-vacuum\/","url":"https:\/\/www.bulkprocessingsystems.be\/fr\/produit\/wamair-vacuum\/","name":"WAMAIR Vacu\u00fcm - Bulk Processing Systems","isPartOf":{"@id":"https:\/\/www.bulkprocessingsystems.be\/fr\/#website"},"primaryImageOfPage":{"@id":"https:\/\/www.bulkprocessingsystems.be\/fr\/produit\/wamair-vacuum\/#primaryimage"},"image":{"@id":"https:\/\/www.bulkprocessingsystems.be\/fr\/produit\/wamair-vacuum\/#primaryimage"},"thumbnailUrl":"https:\/\/www.bulkprocessingsystems.be\/wp-content\/uploads\/2024\/09\/BPS-WAMAIR-Vacuum-2.jpg","datePublished":"2024-09-04T12:43:20+00:00","dateModified":"2024-09-06T12:41:46+00:00","breadcrumb":{"@id":"https:\/\/www.bulkprocessingsystems.be\/fr\/produit\/wamair-vacuum\/#breadcrumb"},"inLanguage":"fr-FR","potentialAction":[{"@type":"ReadAction","target":["https:\/\/www.bulkprocessingsystems.be\/fr\/produit\/wamair-vacuum\/"]}]},{"@type":"ImageObject","inLanguage":"fr-FR","@id":"https:\/\/www.bulkprocessingsystems.be\/fr\/produit\/wamair-vacuum\/#primaryimage","url":"https:\/\/www.bulkprocessingsystems.be\/wp-content\/uploads\/2024\/09\/BPS-WAMAIR-Vacuum-2.jpg","contentUrl":"https:\/\/www.bulkprocessingsystems.be\/wp-content\/uploads\/2024\/09\/BPS-WAMAIR-Vacuum-2.jpg","width":870,"height":516,"caption":"BPS - WAMAIR Vacu\u00fcm"},{"@type":"BreadcrumbList","@id":"https:\/\/www.bulkprocessingsystems.be\/fr\/produit\/wamair-vacuum\/#breadcrumb","itemListElement":[{"@type":"ListItem","position":1,"name":"Home","item":"https:\/\/www.bulkprocessingsystems.be\/fr\/"},{"@type":"ListItem","position":2,"name":"Produits","item":"https:\/\/www.bulkprocessingsystems.be\/fr\/shop\/"},{"@type":"ListItem","position":3,"name":"WAMAIR Vacu\u00fcm"}]},{"@type":"WebSite","@id":"https:\/\/www.bulkprocessingsystems.be\/fr\/#website","url":"https:\/\/www.bulkprocessingsystems.be\/fr\/","name":"Bulk Processing Systems","description":"","publisher":{"@id":"https:\/\/www.bulkprocessingsystems.be\/fr\/#organization"},"potentialAction":[{"@type":"SearchAction","target":{"@type":"EntryPoint","urlTemplate":"https:\/\/www.bulkprocessingsystems.be\/fr\/?s={search_term_string}"},"query-input":{"@type":"PropertyValueSpecification","valueRequired":true,"valueName":"search_term_string"}}],"inLanguage":"fr-FR"},{"@type":"Organization","@id":"https:\/\/www.bulkprocessingsystems.be\/fr\/#organization","name":"Bulk Processing Systems","url":"https:\/\/www.bulkprocessingsystems.be\/fr\/","logo":{"@type":"ImageObject","inLanguage":"fr-FR","@id":"https:\/\/www.bulkprocessingsystems.be\/fr\/#\/schema\/logo\/image\/","url":"https:\/\/www.bulkprocessingsystems.be\/wp-content\/uploads\/2024\/07\/BPS-logo-II-transparant-zwart.png","contentUrl":"https:\/\/www.bulkprocessingsystems.be\/wp-content\/uploads\/2024\/07\/BPS-logo-II-transparant-zwart.png","width":708,"height":528,"caption":"Bulk Processing Systems"},"image":{"@id":"https:\/\/www.bulkprocessingsystems.be\/fr\/#\/schema\/logo\/image\/"},"sameAs":["https:\/\/www.facebook.com\/profile.php?id=100054657810104","https:\/\/www.linkedin.com\/company\/bulk-processing-systems\/"]}]}},"_links":{"self":[{"href":"https:\/\/www.bulkprocessingsystems.be\/fr\/wp-json\/wp\/v2\/product\/1872","targetHints":{"allow":["GET"]}}],"collection":[{"href":"https:\/\/www.bulkprocessingsystems.be\/fr\/wp-json\/wp\/v2\/product"}],"about":[{"href":"https:\/\/www.bulkprocessingsystems.be\/fr\/wp-json\/wp\/v2\/types\/product"}],"wp:featuredmedia":[{"embeddable":true,"href":"https:\/\/www.bulkprocessingsystems.be\/fr\/wp-json\/wp\/v2\/media\/1696"}],"wp:attachment":[{"href":"https:\/\/www.bulkprocessingsystems.be\/fr\/wp-json\/wp\/v2\/media?parent=1872"}],"wp:term":[{"taxonomy":"product_brand","embeddable":true,"href":"https:\/\/www.bulkprocessingsystems.be\/fr\/wp-json\/wp\/v2\/product_brand?post=1872"},{"taxonomy":"product_cat","embeddable":true,"href":"https:\/\/www.bulkprocessingsystems.be\/fr\/wp-json\/wp\/v2\/product_cat?post=1872"},{"taxonomy":"product_tag","embeddable":true,"href":"https:\/\/www.bulkprocessingsystems.be\/fr\/wp-json\/wp\/v2\/product_tag?post=1872"}],"curies":[{"name":"wp","href":"https:\/\/api.w.org\/{rel}","templated":true}]}}