{"id":1875,"date":"2024-09-04T12:32:26","date_gmt":"2024-09-04T12:32:26","guid":{"rendered":"https:\/\/www.bulkprocessingsystems.be\/product\/wamflo\/"},"modified":"2024-09-06T12:57:02","modified_gmt":"2024-09-06T12:57:02","slug":"wamflo","status":"publish","type":"product","link":"https:\/\/www.bulkprocessingsystems.be\/fr\/produit\/wamflo\/","title":{"rendered":"WAMFLO"},"content":{"rendered":"","protected":false},"excerpt":{"rendered":"<p>Les filtres \u00e0 poussi\u00e8re WAMFLO sont dot\u00e9s d&rsquo;un bo\u00eetier cylindrique en acier inoxydable, \u00e9quip\u00e9 d&rsquo;un raccord fl\u00e9au et d&rsquo;\u00e9l\u00e9ments filtrants verticaux, dont le mod\u00e8le POLYPLEAT tr\u00e8s efficace.<\/br><\/br> Le syst\u00e8me de nettoyage par air comprim\u00e9 est int\u00e9gr\u00e9 dans le couvercle articul\u00e9. Les filtres WAMFLO sont disponibles avec ou sans ventilateur. En option, pour les applications avec ventilateur de pr\u00e9l\u00e8vement mont\u00e9 au-dessus ou dans des espaces r\u00e9duits, le WAMFLO peut \u00eatre \u00e9quip\u00e9 d&rsquo;une grande porte \u00e0 l&rsquo;avant, facilitant l&rsquo;acc\u00e8s aux \u00e9l\u00e9ments filtrants pour l&rsquo;inspection ou l&rsquo;entretien. Dans la version alimentaire, le WAMFLO est fourni avec un design sans r\u00e9sidu de poussi\u00e8re. Le WAMFLO est \u00e9quip\u00e9 d&rsquo;un panneau \u00e9lectronique modulaire int\u00e9gr\u00e9 pour la gestion des cycles de nettoyage en fonction des exigences sp\u00e9cifiques du processus de travail. Il est adapt\u00e9 pour une utilisation dans des environnements explosifs. <\/br><\/br>Les filtres \u00e0 poussi\u00e8re WAMFLO sont utilis\u00e9s tant pour les applications de ventilation que d&rsquo;aspiration. Le design unique du syst\u00e8me de nettoyage par air comprim\u00e9 int\u00e9gr\u00e9 garantit une haute efficacit\u00e9, minimisant ainsi la maintenance et r\u00e9duisant le co\u00fbt total de possession (TCO) de l&rsquo;installation. De plus, le design du WAMFLO, avec son fond \u00e0 brides, r\u00e9pond aux exigences les plus strictes en mati\u00e8re de sant\u00e9 et de s\u00e9curit\u00e9.       <\/br><\/br>   Fonctions <\/p>\n<ul>\n<li>Bo\u00eetier cylindrique avec bride en acier inoxydable<\/li>\n<li>Surface de filtration: 1 ~ 48 m\u00b2<\/li>\n<li>Volume d&rsquo;air: 60 ~ 4,500 m\u00b3\/h<\/li>\n<li>Haute efficacit\u00e9 de filtration attribu\u00e9e aux \u00e9l\u00e9ments filtrants uniques WAM\u00ae<\/li>\n<li>Entretien facile gr\u00e2ce \u00e0 l&rsquo;acc\u00e8s rapide aux \u00e9l\u00e9ments filtrants<\/li>\n<li>\u00c9quip\u00e9 en standard d&rsquo;un panneau de contr\u00f4le \u00e9lectronique multifonctionnel<\/li>\n<li>\u00c9l\u00e9ments filtrants : tuyaux cylindriques, tuyaux elliptiques, cartouches, POLYPLEAT\u00ae<\/li>\n<li>Hauteur de maintenance confortable<\/li>\n<li>Syst\u00e8me de nettoyage par air comprim\u00e9 int\u00e9gr\u00e9 dans le couvercle<\/li>\n<li>Les \u00e9lectrovannes \u00ab Full Immersion \u00bb sont int\u00e9gr\u00e9es dans un r\u00e9servoir d&rsquo;air en aluminium r\u00e9sistant \u00e0 la corrosion (conception facile \u00e0 entretenir).<\/li>\n<li>Capot de pluie avec charni\u00e8re de s\u00e9curit\u00e9 verrouillable<\/li>\n<li>Aucun outil requis pour retirer les \u00e9l\u00e9ments filtrants<\/li>\n<li>Longue dur\u00e9e de vie<\/li>\n<li>Faibles co\u00fbts de maintenance<\/li>\n<li>Adapt\u00e9 aux applications alimentaires<\/li>\n<li>La s\u00e9curit\u00e9 est encore mieux assur\u00e9e<\/li>\n<li>Faibles co\u00fbts d&rsquo;exploitation<\/li>\n<li>Rapport qualit\u00e9-prix exceptionnel<\/li>\n<\/ul>\n<p> Avantages <\/p>\n<ul>\n<li>Design industriel<\/li>\n<li>Large \u00e9ventail d&rsquo;\u00e9l\u00e9ments filtrants de haute qualit\u00e9<\/li>\n<li>Technologie avanc\u00e9e de filtration des poussi\u00e8res<\/li>\n<li>Faibles \u00e9missions gr\u00e2ce au mat\u00e9riau filtrant certifi\u00e9 B.I.A.<\/li>\n<\/ul>\n<p> Options <\/p>\n<ul>\n<li>Bo\u00eetier cylindrique avec bride en acier inoxydable 316<\/li>\n<li>Ventilateur d&rsquo;aspiration<\/li>\n<li>Raccordement pour ventilateur d&rsquo;aspiration centralis\u00e9e<\/li>\n<li>Mesure \u00e9lectronique de la diff\u00e9rence de pression (MDPE)<\/li>\n<li>WAMFLO Front : \u00e9quip\u00e9 d&rsquo;une grande porte frontale permettant le retrait des \u00e9l\u00e9ments filtrants depuis le c\u00f4t\u00e9 de l&rsquo;air sale<\/li>\n<li>Tr\u00e9mie de collecte avec seau \u00e0 poussi\u00e8re, vanne papillon, obturateur rotatif et divers dispositifs de d\u00e9charge.<\/li>\n<li>Protection hivernale pour \u00e9lectrovannes<\/li>\n<\/ul>\n<p> Versions disponibles <\/p>\n<ul>\n<li>WAMFLO\u00ae S-Type : filtres de base pour applications en surpression et sous-pression<\/li>\n<li>WAMFLO\u00ae I-Type : filtres \u00e0 insertion pour applications en surpression et sous-pression<\/li>\n<li>WAMFLO\u00ae D-Type : filtres pour applications en sous-pression<\/li>\n<li>WAMFLO\u00ae E-Type : filtres \u00e0 insertion pour applications en sous-pression<\/li>\n<\/ul>\n","protected":false},"featured_media":1673,"template":"","meta":{"_et_pb_use_builder":"","_et_pb_old_content":"","_et_gb_content_width":""},"product_brand":[],"product_cat":[84,86],"product_tag":[],"class_list":{"0":"post-1875","1":"product","2":"type-product","3":"status-publish","4":"has-post-thumbnail","6":"product_cat-filters-fr","7":"product_cat-ontstoffingsfilters-fr","9":"first","10":"instock","11":"shipping-taxable","12":"purchasable","13":"product-type-simple"},"yoast_head":"<!-- This site is optimized with the Yoast SEO plugin v27.3 - https:\/\/yoast.com\/product\/yoast-seo-wordpress\/ -->\n<title>WAMFLO - Bulk Processing Systems<\/title>\n<meta name=\"robots\" content=\"index, follow, max-snippet:-1, max-image-preview:large, max-video-preview:-1\" \/>\n<link rel=\"canonical\" href=\"https:\/\/www.bulkprocessingsystems.be\/fr\/produit\/wamflo\/\" \/>\n<meta property=\"og:locale\" content=\"fr_FR\" \/>\n<meta property=\"og:type\" content=\"article\" \/>\n<meta property=\"og:title\" content=\"WAMFLO - Bulk Processing Systems\" \/>\n<meta property=\"og:description\" content=\"Les filtres \u00e0 poussi\u00e8re WAMFLO sont dot\u00e9s d&#039;un bo\u00eetier cylindrique en acier inoxydable, \u00e9quip\u00e9 d&#039;un raccord fl\u00e9au et d&#039;\u00e9l\u00e9ments filtrants verticaux, dont le mod\u00e8le POLYPLEAT tr\u00e8s efficace. Le syst\u00e8me de nettoyage par air comprim\u00e9 est int\u00e9gr\u00e9 dans le couvercle articul\u00e9. Les filtres WAMFLO sont disponibles avec ou sans ventilateur. En option, pour les applications avec ventilateur de pr\u00e9l\u00e8vement mont\u00e9 au-dessus ou dans des espaces r\u00e9duits, le WAMFLO peut \u00eatre \u00e9quip\u00e9 d&#039;une grande porte \u00e0 l&#039;avant, facilitant l&#039;acc\u00e8s aux \u00e9l\u00e9ments filtrants pour l&#039;inspection ou l&#039;entretien. Dans la version alimentaire, le WAMFLO est fourni avec un design sans r\u00e9sidu de poussi\u00e8re. Le WAMFLO est \u00e9quip\u00e9 d&#039;un panneau \u00e9lectronique modulaire int\u00e9gr\u00e9 pour la gestion des cycles de nettoyage en fonction des exigences sp\u00e9cifiques du processus de travail. Il est adapt\u00e9 pour une utilisation dans des environnements explosifs. Les filtres \u00e0 poussi\u00e8re WAMFLO sont utilis\u00e9s tant pour les applications de ventilation que d&#039;aspiration. Le design unique du syst\u00e8me de nettoyage par air comprim\u00e9 int\u00e9gr\u00e9 garantit une haute efficacit\u00e9, minimisant ainsi la maintenance et r\u00e9duisant le co\u00fbt total de possession (TCO) de l&#039;installation. De plus, le design du WAMFLO, avec son fond \u00e0 brides, r\u00e9pond aux exigences les plus strictes en mati\u00e8re de sant\u00e9 et de s\u00e9curit\u00e9.     Fonctions   Bo\u00eetier cylindrique avec bride en acier inoxydable  Surface de filtration: 1 ~ 48 m\u00b2  Volume d&#039;air: 60 ~ 4,500 m\u00b3\/h  Haute efficacit\u00e9 de filtration attribu\u00e9e aux \u00e9l\u00e9ments filtrants uniques WAM\u00ae  Entretien facile gr\u00e2ce \u00e0 l&#039;acc\u00e8s rapide aux \u00e9l\u00e9ments filtrants  \u00c9quip\u00e9 en standard d&#039;un panneau de contr\u00f4le \u00e9lectronique multifonctionnel  \u00c9l\u00e9ments filtrants : tuyaux cylindriques, tuyaux elliptiques, cartouches, POLYPLEAT\u00ae  Hauteur de maintenance confortable  Syst\u00e8me de nettoyage par air comprim\u00e9 int\u00e9gr\u00e9 dans le couvercle  Les \u00e9lectrovannes \u00ab Full Immersion \u00bb sont int\u00e9gr\u00e9es dans un r\u00e9servoir d&#039;air en aluminium r\u00e9sistant \u00e0 la corrosion (conception facile \u00e0 entretenir).  Capot de pluie avec charni\u00e8re de s\u00e9curit\u00e9 verrouillable  Aucun outil requis pour retirer les \u00e9l\u00e9ments filtrants  Longue dur\u00e9e de vie  Faibles co\u00fbts de maintenance  Adapt\u00e9 aux applications alimentaires  La s\u00e9curit\u00e9 est encore mieux assur\u00e9e  Faibles co\u00fbts d&#039;exploitation  Rapport qualit\u00e9-prix exceptionnel  Avantages   Design industriel  Large \u00e9ventail d&#039;\u00e9l\u00e9ments filtrants de haute qualit\u00e9  Technologie avanc\u00e9e de filtration des poussi\u00e8res  Faibles \u00e9missions gr\u00e2ce au mat\u00e9riau filtrant certifi\u00e9 B.I.A.  Options   Bo\u00eetier cylindrique avec bride en acier inoxydable 316  Ventilateur d&#039;aspiration  Raccordement pour ventilateur d&#039;aspiration centralis\u00e9e  Mesure \u00e9lectronique de la diff\u00e9rence de pression (MDPE)  WAMFLO Front : \u00e9quip\u00e9 d&#039;une grande porte frontale permettant le retrait des \u00e9l\u00e9ments filtrants depuis le c\u00f4t\u00e9 de l&#039;air sale  Tr\u00e9mie de collecte avec seau \u00e0 poussi\u00e8re, vanne papillon, obturateur rotatif et divers dispositifs de d\u00e9charge.  Protection hivernale pour \u00e9lectrovannes  Versions disponibles   WAMFLO\u00ae S-Type : filtres de base pour applications en surpression et sous-pression  WAMFLO\u00ae I-Type : filtres \u00e0 insertion pour applications en surpression et sous-pression  WAMFLO\u00ae D-Type : filtres pour applications en sous-pression  WAMFLO\u00ae E-Type : filtres \u00e0 insertion pour applications en sous-pression\" \/>\n<meta property=\"og:url\" content=\"https:\/\/www.bulkprocessingsystems.be\/fr\/produit\/wamflo\/\" \/>\n<meta property=\"og:site_name\" content=\"Bulk Processing Systems\" \/>\n<meta property=\"article:publisher\" content=\"https:\/\/www.facebook.com\/profile.php?id=100054657810104\" \/>\n<meta property=\"article:modified_time\" content=\"2024-09-06T12:57:02+00:00\" \/>\n<meta property=\"og:image\" content=\"https:\/\/www.bulkprocessingsystems.be\/wp-content\/uploads\/2024\/09\/WAMFLO-ontstoffingsfilter-filtres-depoussiereurs-2.jpg\" \/>\n\t<meta property=\"og:image:width\" content=\"870\" \/>\n\t<meta property=\"og:image:height\" content=\"516\" \/>\n\t<meta property=\"og:image:type\" content=\"image\/jpeg\" \/>\n<meta name=\"twitter:card\" content=\"summary_large_image\" \/>\n<script type=\"application\/ld+json\" class=\"yoast-schema-graph\">{\"@context\":\"https:\\\/\\\/schema.org\",\"@graph\":[{\"@type\":\"WebPage\",\"@id\":\"https:\\\/\\\/www.bulkprocessingsystems.be\\\/fr\\\/produit\\\/wamflo\\\/\",\"url\":\"https:\\\/\\\/www.bulkprocessingsystems.be\\\/fr\\\/produit\\\/wamflo\\\/\",\"name\":\"WAMFLO - Bulk Processing Systems\",\"isPartOf\":{\"@id\":\"https:\\\/\\\/www.bulkprocessingsystems.be\\\/fr\\\/#website\"},\"primaryImageOfPage\":{\"@id\":\"https:\\\/\\\/www.bulkprocessingsystems.be\\\/fr\\\/produit\\\/wamflo\\\/#primaryimage\"},\"image\":{\"@id\":\"https:\\\/\\\/www.bulkprocessingsystems.be\\\/fr\\\/produit\\\/wamflo\\\/#primaryimage\"},\"thumbnailUrl\":\"https:\\\/\\\/www.bulkprocessingsystems.be\\\/wp-content\\\/uploads\\\/2024\\\/09\\\/WAMFLO-ontstoffingsfilter-filtres-depoussiereurs-2.jpg\",\"datePublished\":\"2024-09-04T12:32:26+00:00\",\"dateModified\":\"2024-09-06T12:57:02+00:00\",\"breadcrumb\":{\"@id\":\"https:\\\/\\\/www.bulkprocessingsystems.be\\\/fr\\\/produit\\\/wamflo\\\/#breadcrumb\"},\"inLanguage\":\"fr-FR\",\"potentialAction\":[{\"@type\":\"ReadAction\",\"target\":[\"https:\\\/\\\/www.bulkprocessingsystems.be\\\/fr\\\/produit\\\/wamflo\\\/\"]}]},{\"@type\":\"ImageObject\",\"inLanguage\":\"fr-FR\",\"@id\":\"https:\\\/\\\/www.bulkprocessingsystems.be\\\/fr\\\/produit\\\/wamflo\\\/#primaryimage\",\"url\":\"https:\\\/\\\/www.bulkprocessingsystems.be\\\/wp-content\\\/uploads\\\/2024\\\/09\\\/WAMFLO-ontstoffingsfilter-filtres-depoussiereurs-2.jpg\",\"contentUrl\":\"https:\\\/\\\/www.bulkprocessingsystems.be\\\/wp-content\\\/uploads\\\/2024\\\/09\\\/WAMFLO-ontstoffingsfilter-filtres-depoussiereurs-2.jpg\",\"width\":870,\"height\":516,\"caption\":\"WAMFLO - filtres d\u00e9poussi\u00e9reurs\"},{\"@type\":\"BreadcrumbList\",\"@id\":\"https:\\\/\\\/www.bulkprocessingsystems.be\\\/fr\\\/produit\\\/wamflo\\\/#breadcrumb\",\"itemListElement\":[{\"@type\":\"ListItem\",\"position\":1,\"name\":\"Home\",\"item\":\"https:\\\/\\\/www.bulkprocessingsystems.be\\\/fr\\\/\"},{\"@type\":\"ListItem\",\"position\":2,\"name\":\"Produits\",\"item\":\"https:\\\/\\\/www.bulkprocessingsystems.be\\\/fr\\\/shop\\\/\"},{\"@type\":\"ListItem\",\"position\":3,\"name\":\"WAMFLO\"}]},{\"@type\":\"WebSite\",\"@id\":\"https:\\\/\\\/www.bulkprocessingsystems.be\\\/fr\\\/#website\",\"url\":\"https:\\\/\\\/www.bulkprocessingsystems.be\\\/fr\\\/\",\"name\":\"Bulk Processing Systems\",\"description\":\"\",\"publisher\":{\"@id\":\"https:\\\/\\\/www.bulkprocessingsystems.be\\\/fr\\\/#organization\"},\"potentialAction\":[{\"@type\":\"SearchAction\",\"target\":{\"@type\":\"EntryPoint\",\"urlTemplate\":\"https:\\\/\\\/www.bulkprocessingsystems.be\\\/fr\\\/?s={search_term_string}\"},\"query-input\":{\"@type\":\"PropertyValueSpecification\",\"valueRequired\":true,\"valueName\":\"search_term_string\"}}],\"inLanguage\":\"fr-FR\"},{\"@type\":\"Organization\",\"@id\":\"https:\\\/\\\/www.bulkprocessingsystems.be\\\/fr\\\/#organization\",\"name\":\"Bulk Processing Systems\",\"url\":\"https:\\\/\\\/www.bulkprocessingsystems.be\\\/fr\\\/\",\"logo\":{\"@type\":\"ImageObject\",\"inLanguage\":\"fr-FR\",\"@id\":\"https:\\\/\\\/www.bulkprocessingsystems.be\\\/fr\\\/#\\\/schema\\\/logo\\\/image\\\/\",\"url\":\"https:\\\/\\\/www.bulkprocessingsystems.be\\\/wp-content\\\/uploads\\\/2024\\\/07\\\/BPS-logo-II-transparant-zwart.png\",\"contentUrl\":\"https:\\\/\\\/www.bulkprocessingsystems.be\\\/wp-content\\\/uploads\\\/2024\\\/07\\\/BPS-logo-II-transparant-zwart.png\",\"width\":708,\"height\":528,\"caption\":\"Bulk Processing Systems\"},\"image\":{\"@id\":\"https:\\\/\\\/www.bulkprocessingsystems.be\\\/fr\\\/#\\\/schema\\\/logo\\\/image\\\/\"},\"sameAs\":[\"https:\\\/\\\/www.facebook.com\\\/profile.php?id=100054657810104\",\"https:\\\/\\\/www.linkedin.com\\\/company\\\/bulk-processing-systems\\\/\"]}]}<\/script>\n<!-- \/ Yoast SEO plugin. -->","yoast_head_json":{"title":"WAMFLO - Bulk Processing Systems","robots":{"index":"index","follow":"follow","max-snippet":"max-snippet:-1","max-image-preview":"max-image-preview:large","max-video-preview":"max-video-preview:-1"},"canonical":"https:\/\/www.bulkprocessingsystems.be\/fr\/produit\/wamflo\/","og_locale":"fr_FR","og_type":"article","og_title":"WAMFLO - Bulk Processing Systems","og_description":"Les filtres \u00e0 poussi\u00e8re WAMFLO sont dot\u00e9s d'un bo\u00eetier cylindrique en acier inoxydable, \u00e9quip\u00e9 d'un raccord fl\u00e9au et d'\u00e9l\u00e9ments filtrants verticaux, dont le mod\u00e8le POLYPLEAT tr\u00e8s efficace. Le syst\u00e8me de nettoyage par air comprim\u00e9 est int\u00e9gr\u00e9 dans le couvercle articul\u00e9. Les filtres WAMFLO sont disponibles avec ou sans ventilateur. En option, pour les applications avec ventilateur de pr\u00e9l\u00e8vement mont\u00e9 au-dessus ou dans des espaces r\u00e9duits, le WAMFLO peut \u00eatre \u00e9quip\u00e9 d'une grande porte \u00e0 l'avant, facilitant l'acc\u00e8s aux \u00e9l\u00e9ments filtrants pour l'inspection ou l'entretien. Dans la version alimentaire, le WAMFLO est fourni avec un design sans r\u00e9sidu de poussi\u00e8re. Le WAMFLO est \u00e9quip\u00e9 d'un panneau \u00e9lectronique modulaire int\u00e9gr\u00e9 pour la gestion des cycles de nettoyage en fonction des exigences sp\u00e9cifiques du processus de travail. Il est adapt\u00e9 pour une utilisation dans des environnements explosifs. Les filtres \u00e0 poussi\u00e8re WAMFLO sont utilis\u00e9s tant pour les applications de ventilation que d'aspiration. Le design unique du syst\u00e8me de nettoyage par air comprim\u00e9 int\u00e9gr\u00e9 garantit une haute efficacit\u00e9, minimisant ainsi la maintenance et r\u00e9duisant le co\u00fbt total de possession (TCO) de l'installation. De plus, le design du WAMFLO, avec son fond \u00e0 brides, r\u00e9pond aux exigences les plus strictes en mati\u00e8re de sant\u00e9 et de s\u00e9curit\u00e9.     Fonctions   Bo\u00eetier cylindrique avec bride en acier inoxydable  Surface de filtration: 1 ~ 48 m\u00b2  Volume d'air: 60 ~ 4,500 m\u00b3\/h  Haute efficacit\u00e9 de filtration attribu\u00e9e aux \u00e9l\u00e9ments filtrants uniques WAM\u00ae  Entretien facile gr\u00e2ce \u00e0 l'acc\u00e8s rapide aux \u00e9l\u00e9ments filtrants  \u00c9quip\u00e9 en standard d'un panneau de contr\u00f4le \u00e9lectronique multifonctionnel  \u00c9l\u00e9ments filtrants : tuyaux cylindriques, tuyaux elliptiques, cartouches, POLYPLEAT\u00ae  Hauteur de maintenance confortable  Syst\u00e8me de nettoyage par air comprim\u00e9 int\u00e9gr\u00e9 dans le couvercle  Les \u00e9lectrovannes \u00ab Full Immersion \u00bb sont int\u00e9gr\u00e9es dans un r\u00e9servoir d'air en aluminium r\u00e9sistant \u00e0 la corrosion (conception facile \u00e0 entretenir).  Capot de pluie avec charni\u00e8re de s\u00e9curit\u00e9 verrouillable  Aucun outil requis pour retirer les \u00e9l\u00e9ments filtrants  Longue dur\u00e9e de vie  Faibles co\u00fbts de maintenance  Adapt\u00e9 aux applications alimentaires  La s\u00e9curit\u00e9 est encore mieux assur\u00e9e  Faibles co\u00fbts d'exploitation  Rapport qualit\u00e9-prix exceptionnel  Avantages   Design industriel  Large \u00e9ventail d'\u00e9l\u00e9ments filtrants de haute qualit\u00e9  Technologie avanc\u00e9e de filtration des poussi\u00e8res  Faibles \u00e9missions gr\u00e2ce au mat\u00e9riau filtrant certifi\u00e9 B.I.A.  Options   Bo\u00eetier cylindrique avec bride en acier inoxydable 316  Ventilateur d'aspiration  Raccordement pour ventilateur d'aspiration centralis\u00e9e  Mesure \u00e9lectronique de la diff\u00e9rence de pression (MDPE)  WAMFLO Front : \u00e9quip\u00e9 d'une grande porte frontale permettant le retrait des \u00e9l\u00e9ments filtrants depuis le c\u00f4t\u00e9 de l'air sale  Tr\u00e9mie de collecte avec seau \u00e0 poussi\u00e8re, vanne papillon, obturateur rotatif et divers dispositifs de d\u00e9charge.  Protection hivernale pour \u00e9lectrovannes  Versions disponibles   WAMFLO\u00ae S-Type : filtres de base pour applications en surpression et sous-pression  WAMFLO\u00ae I-Type : filtres \u00e0 insertion pour applications en surpression et sous-pression  WAMFLO\u00ae D-Type : filtres pour applications en sous-pression  WAMFLO\u00ae E-Type : filtres \u00e0 insertion pour applications en sous-pression","og_url":"https:\/\/www.bulkprocessingsystems.be\/fr\/produit\/wamflo\/","og_site_name":"Bulk Processing Systems","article_publisher":"https:\/\/www.facebook.com\/profile.php?id=100054657810104","article_modified_time":"2024-09-06T12:57:02+00:00","og_image":[{"width":870,"height":516,"url":"https:\/\/www.bulkprocessingsystems.be\/wp-content\/uploads\/2024\/09\/WAMFLO-ontstoffingsfilter-filtres-depoussiereurs-2.jpg","type":"image\/jpeg"}],"twitter_card":"summary_large_image","schema":{"@context":"https:\/\/schema.org","@graph":[{"@type":"WebPage","@id":"https:\/\/www.bulkprocessingsystems.be\/fr\/produit\/wamflo\/","url":"https:\/\/www.bulkprocessingsystems.be\/fr\/produit\/wamflo\/","name":"WAMFLO - Bulk Processing Systems","isPartOf":{"@id":"https:\/\/www.bulkprocessingsystems.be\/fr\/#website"},"primaryImageOfPage":{"@id":"https:\/\/www.bulkprocessingsystems.be\/fr\/produit\/wamflo\/#primaryimage"},"image":{"@id":"https:\/\/www.bulkprocessingsystems.be\/fr\/produit\/wamflo\/#primaryimage"},"thumbnailUrl":"https:\/\/www.bulkprocessingsystems.be\/wp-content\/uploads\/2024\/09\/WAMFLO-ontstoffingsfilter-filtres-depoussiereurs-2.jpg","datePublished":"2024-09-04T12:32:26+00:00","dateModified":"2024-09-06T12:57:02+00:00","breadcrumb":{"@id":"https:\/\/www.bulkprocessingsystems.be\/fr\/produit\/wamflo\/#breadcrumb"},"inLanguage":"fr-FR","potentialAction":[{"@type":"ReadAction","target":["https:\/\/www.bulkprocessingsystems.be\/fr\/produit\/wamflo\/"]}]},{"@type":"ImageObject","inLanguage":"fr-FR","@id":"https:\/\/www.bulkprocessingsystems.be\/fr\/produit\/wamflo\/#primaryimage","url":"https:\/\/www.bulkprocessingsystems.be\/wp-content\/uploads\/2024\/09\/WAMFLO-ontstoffingsfilter-filtres-depoussiereurs-2.jpg","contentUrl":"https:\/\/www.bulkprocessingsystems.be\/wp-content\/uploads\/2024\/09\/WAMFLO-ontstoffingsfilter-filtres-depoussiereurs-2.jpg","width":870,"height":516,"caption":"WAMFLO - filtres d\u00e9poussi\u00e9reurs"},{"@type":"BreadcrumbList","@id":"https:\/\/www.bulkprocessingsystems.be\/fr\/produit\/wamflo\/#breadcrumb","itemListElement":[{"@type":"ListItem","position":1,"name":"Home","item":"https:\/\/www.bulkprocessingsystems.be\/fr\/"},{"@type":"ListItem","position":2,"name":"Produits","item":"https:\/\/www.bulkprocessingsystems.be\/fr\/shop\/"},{"@type":"ListItem","position":3,"name":"WAMFLO"}]},{"@type":"WebSite","@id":"https:\/\/www.bulkprocessingsystems.be\/fr\/#website","url":"https:\/\/www.bulkprocessingsystems.be\/fr\/","name":"Bulk Processing Systems","description":"","publisher":{"@id":"https:\/\/www.bulkprocessingsystems.be\/fr\/#organization"},"potentialAction":[{"@type":"SearchAction","target":{"@type":"EntryPoint","urlTemplate":"https:\/\/www.bulkprocessingsystems.be\/fr\/?s={search_term_string}"},"query-input":{"@type":"PropertyValueSpecification","valueRequired":true,"valueName":"search_term_string"}}],"inLanguage":"fr-FR"},{"@type":"Organization","@id":"https:\/\/www.bulkprocessingsystems.be\/fr\/#organization","name":"Bulk Processing Systems","url":"https:\/\/www.bulkprocessingsystems.be\/fr\/","logo":{"@type":"ImageObject","inLanguage":"fr-FR","@id":"https:\/\/www.bulkprocessingsystems.be\/fr\/#\/schema\/logo\/image\/","url":"https:\/\/www.bulkprocessingsystems.be\/wp-content\/uploads\/2024\/07\/BPS-logo-II-transparant-zwart.png","contentUrl":"https:\/\/www.bulkprocessingsystems.be\/wp-content\/uploads\/2024\/07\/BPS-logo-II-transparant-zwart.png","width":708,"height":528,"caption":"Bulk Processing Systems"},"image":{"@id":"https:\/\/www.bulkprocessingsystems.be\/fr\/#\/schema\/logo\/image\/"},"sameAs":["https:\/\/www.facebook.com\/profile.php?id=100054657810104","https:\/\/www.linkedin.com\/company\/bulk-processing-systems\/"]}]}},"_links":{"self":[{"href":"https:\/\/www.bulkprocessingsystems.be\/fr\/wp-json\/wp\/v2\/product\/1875","targetHints":{"allow":["GET"]}}],"collection":[{"href":"https:\/\/www.bulkprocessingsystems.be\/fr\/wp-json\/wp\/v2\/product"}],"about":[{"href":"https:\/\/www.bulkprocessingsystems.be\/fr\/wp-json\/wp\/v2\/types\/product"}],"wp:featuredmedia":[{"embeddable":true,"href":"https:\/\/www.bulkprocessingsystems.be\/fr\/wp-json\/wp\/v2\/media\/1673"}],"wp:attachment":[{"href":"https:\/\/www.bulkprocessingsystems.be\/fr\/wp-json\/wp\/v2\/media?parent=1875"}],"wp:term":[{"taxonomy":"product_brand","embeddable":true,"href":"https:\/\/www.bulkprocessingsystems.be\/fr\/wp-json\/wp\/v2\/product_brand?post=1875"},{"taxonomy":"product_cat","embeddable":true,"href":"https:\/\/www.bulkprocessingsystems.be\/fr\/wp-json\/wp\/v2\/product_cat?post=1875"},{"taxonomy":"product_tag","embeddable":true,"href":"https:\/\/www.bulkprocessingsystems.be\/fr\/wp-json\/wp\/v2\/product_tag?post=1875"}],"curies":[{"name":"wp","href":"https:\/\/api.w.org\/{rel}","templated":true}]}}