{"id":1881,"date":"2024-09-04T12:24:48","date_gmt":"2024-09-04T12:24:48","guid":{"rendered":"https:\/\/www.bulkprocessingsystems.be\/product\/hoppertop\/"},"modified":"2024-09-09T12:18:00","modified_gmt":"2024-09-09T12:18:00","slug":"hoppertop","status":"publish","type":"product","link":"https:\/\/www.bulkprocessingsystems.be\/fr\/produit\/hoppertop\/","title":{"rendered":"Hoppertop"},"content":{"rendered":"","protected":false},"excerpt":{"rendered":"<div class=\"flex_column av-1y57az4-d5ffb75087832b828e3a41db9ed3a4a7 av_two_third avia-builder-el-34 el_before_av_one_third avia-builder-el-first first flex_column_table_cell av-equal-height-column av-align-middle \">\n<section class=\"av_textblock_section av-1tn8ra8-1683235b093eb16af520938d5f40b74f \">\n<div class=\"avia_textblock\"> HOPPERTOP est un petit filtre d&rsquo;\u00e9vacuation cylindrique sp\u00e9cifiquement con\u00e7u pour une installation sur des tr\u00e9mies de pesage dans une centrale \u00e0 b\u00e9ton et, en g\u00e9n\u00e9ral, l\u00e0 o\u00f9 l&rsquo;espace est limit\u00e9. HOPPERTOP est un filtre d&rsquo;\u00e9vacuation fonctionnant de mani\u00e8re discontinue pour les tr\u00e9mies ou silos remplis m\u00e9caniquement. La poussi\u00e8re s\u00e9par\u00e9e du flux d&rsquo;air par un filtre WAM rond retombe dans la tr\u00e9mie, apr\u00e8s que le syst\u00e8me de nettoyage automatique int\u00e9gr\u00e9 dans le couvercle r\u00e9sistant aux intemp\u00e9ries a \u00e9limin\u00e9 les particules de poussi\u00e8re du filtre. Un couvercle \u00e0 charni\u00e8res prot\u00e8ge le filtre contre les intemp\u00e9ries.  <\/br><\/br>  Fonctions <\/p>\n<ul>\n<li>Bo\u00eetier en acier inoxydable avec bride de fond<\/li>\n<li>Conception compacte incluant un syst\u00e8me de nettoyage \u00e0 air comprim\u00e9<\/li>\n<li>Haute efficacit\u00e9 de filtration gr\u00e2ce aux \u00e9l\u00e9ments filtrants WAM<\/li>\n<li>Aucun outil n\u00e9cessaire pour le remplacement des \u00e9l\u00e9ments filtrants<\/li>\n<li>Surface de filtration: 1,4 m<sup>2<\/sup><\/li>\n<li>Syst\u00e8me de nettoyage \u00e0 air comprim\u00e9 sans entretien int\u00e9gr\u00e9 dans la couverture de protection<\/li>\n<li>Haute efficacit\u00e9 de filtration gr\u00e2ce aux vannes magn\u00e9tiques \u201cFull-Immersion\u201d<\/li>\n<li>Facile \u00e0 installer et \u00e0 monter ult\u00e9rieurement<\/li>\n<\/ul>\n<p> Avantages <\/p>\n<ul>\n<li>Haute efficacit\u00e9 de filtration<\/li>\n<li>Faibles \u00e9missions gr\u00e2ce au mat\u00e9riau filtrant certifi\u00e9 B.I.A.<\/li>\n<li>Espace minimal requis 0,06 m<sup>2<\/sup><\/li>\n<\/ul>\n<p> Options <\/p>\n<ul>\n<li>Raccord pour mesure des \u00e9missions<\/li>\n<li>Mesure \u00e9lectronique de la diff\u00e9rence de pression (MDPE)<\/li>\n<li>Anneau de montage<\/li>\n<\/ul>\n<\/div>\n<\/section>\n<\/div>\n","protected":false},"featured_media":1667,"template":"","meta":{"_et_pb_use_builder":"","_et_pb_old_content":"","_et_gb_content_width":""},"product_brand":[],"product_cat":[84,85],"product_tag":[],"class_list":{"0":"post-1881","1":"product","2":"type-product","3":"status-publish","4":"has-post-thumbnail","6":"product_cat-filters-fr","7":"product_cat-filtres-depoussiereurs","9":"first","10":"instock","11":"shipping-taxable","12":"purchasable","13":"product-type-simple"},"yoast_head":"<!-- This site is optimized with the Yoast SEO plugin v27.3 - https:\/\/yoast.com\/product\/yoast-seo-wordpress\/ -->\n<title>Hoppertop - Bulk Processing Systems<\/title>\n<meta name=\"robots\" content=\"index, follow, max-snippet:-1, max-image-preview:large, max-video-preview:-1\" \/>\n<link rel=\"canonical\" href=\"https:\/\/www.bulkprocessingsystems.be\/fr\/produit\/hoppertop\/\" \/>\n<meta property=\"og:locale\" content=\"fr_FR\" \/>\n<meta property=\"og:type\" content=\"article\" \/>\n<meta property=\"og:title\" content=\"Hoppertop - Bulk Processing Systems\" \/>\n<meta property=\"og:description\" content=\"HOPPERTOP est un petit filtre d&#039;\u00e9vacuation cylindrique sp\u00e9cifiquement con\u00e7u pour une installation sur des tr\u00e9mies de pesage dans une centrale \u00e0 b\u00e9ton et, en g\u00e9n\u00e9ral, l\u00e0 o\u00f9 l&#039;espace est limit\u00e9. HOPPERTOP est un filtre d&#039;\u00e9vacuation fonctionnant de mani\u00e8re discontinue pour les tr\u00e9mies ou silos remplis m\u00e9caniquement. La poussi\u00e8re s\u00e9par\u00e9e du flux d&#039;air par un filtre WAM rond retombe dans la tr\u00e9mie, apr\u00e8s que le syst\u00e8me de nettoyage automatique int\u00e9gr\u00e9 dans le couvercle r\u00e9sistant aux intemp\u00e9ries a \u00e9limin\u00e9 les particules de poussi\u00e8re du filtre. Un couvercle \u00e0 charni\u00e8res prot\u00e8ge le filtre contre les intemp\u00e9ries.  Fonctions   Bo\u00eetier en acier inoxydable avec bride de fond  Conception compacte incluant un syst\u00e8me de nettoyage \u00e0 air comprim\u00e9  Haute efficacit\u00e9 de filtration gr\u00e2ce aux \u00e9l\u00e9ments filtrants WAM  Aucun outil n\u00e9cessaire pour le remplacement des \u00e9l\u00e9ments filtrants  Surface de filtration: 1,4 m2  Syst\u00e8me de nettoyage \u00e0 air comprim\u00e9 sans entretien int\u00e9gr\u00e9 dans la couverture de protection  Haute efficacit\u00e9 de filtration gr\u00e2ce aux vannes magn\u00e9tiques \u201cFull-Immersion\u201d  Facile \u00e0 installer et \u00e0 monter ult\u00e9rieurement  Avantages   Haute efficacit\u00e9 de filtration  Faibles \u00e9missions gr\u00e2ce au mat\u00e9riau filtrant certifi\u00e9 B.I.A.  Espace minimal requis 0,06 m2  Options   Raccord pour mesure des \u00e9missions  Mesure \u00e9lectronique de la diff\u00e9rence de pression (MDPE)  Anneau de montage\" \/>\n<meta property=\"og:url\" content=\"https:\/\/www.bulkprocessingsystems.be\/fr\/produit\/hoppertop\/\" \/>\n<meta property=\"og:site_name\" content=\"Bulk Processing Systems\" \/>\n<meta property=\"article:publisher\" content=\"https:\/\/www.facebook.com\/profile.php?id=100054657810104\" \/>\n<meta property=\"article:modified_time\" content=\"2024-09-09T12:18:00+00:00\" \/>\n<meta property=\"og:image\" content=\"https:\/\/www.bulkprocessingsystems.be\/wp-content\/uploads\/2024\/09\/BPS-Hoppertop-Ontluchtingsfilter.jpg\" \/>\n\t<meta property=\"og:image:width\" content=\"870\" \/>\n\t<meta property=\"og:image:height\" content=\"516\" \/>\n\t<meta property=\"og:image:type\" content=\"image\/jpeg\" \/>\n<meta name=\"twitter:card\" content=\"summary_large_image\" \/>\n<script type=\"application\/ld+json\" class=\"yoast-schema-graph\">{\"@context\":\"https:\\\/\\\/schema.org\",\"@graph\":[{\"@type\":\"WebPage\",\"@id\":\"https:\\\/\\\/www.bulkprocessingsystems.be\\\/fr\\\/produit\\\/hoppertop\\\/\",\"url\":\"https:\\\/\\\/www.bulkprocessingsystems.be\\\/fr\\\/produit\\\/hoppertop\\\/\",\"name\":\"Hoppertop - Bulk Processing Systems\",\"isPartOf\":{\"@id\":\"https:\\\/\\\/www.bulkprocessingsystems.be\\\/fr\\\/#website\"},\"primaryImageOfPage\":{\"@id\":\"https:\\\/\\\/www.bulkprocessingsystems.be\\\/fr\\\/produit\\\/hoppertop\\\/#primaryimage\"},\"image\":{\"@id\":\"https:\\\/\\\/www.bulkprocessingsystems.be\\\/fr\\\/produit\\\/hoppertop\\\/#primaryimage\"},\"thumbnailUrl\":\"https:\\\/\\\/www.bulkprocessingsystems.be\\\/wp-content\\\/uploads\\\/2024\\\/09\\\/BPS-Hoppertop-Ontluchtingsfilter.jpg\",\"datePublished\":\"2024-09-04T12:24:48+00:00\",\"dateModified\":\"2024-09-09T12:18:00+00:00\",\"breadcrumb\":{\"@id\":\"https:\\\/\\\/www.bulkprocessingsystems.be\\\/fr\\\/produit\\\/hoppertop\\\/#breadcrumb\"},\"inLanguage\":\"fr-FR\",\"potentialAction\":[{\"@type\":\"ReadAction\",\"target\":[\"https:\\\/\\\/www.bulkprocessingsystems.be\\\/fr\\\/produit\\\/hoppertop\\\/\"]}]},{\"@type\":\"ImageObject\",\"inLanguage\":\"fr-FR\",\"@id\":\"https:\\\/\\\/www.bulkprocessingsystems.be\\\/fr\\\/produit\\\/hoppertop\\\/#primaryimage\",\"url\":\"https:\\\/\\\/www.bulkprocessingsystems.be\\\/wp-content\\\/uploads\\\/2024\\\/09\\\/BPS-Hoppertop-Ontluchtingsfilter.jpg\",\"contentUrl\":\"https:\\\/\\\/www.bulkprocessingsystems.be\\\/wp-content\\\/uploads\\\/2024\\\/09\\\/BPS-Hoppertop-Ontluchtingsfilter.jpg\",\"width\":870,\"height\":516,\"caption\":\"BPS - Hopperjet - Filtres d\u00e9pression air\"},{\"@type\":\"BreadcrumbList\",\"@id\":\"https:\\\/\\\/www.bulkprocessingsystems.be\\\/fr\\\/produit\\\/hoppertop\\\/#breadcrumb\",\"itemListElement\":[{\"@type\":\"ListItem\",\"position\":1,\"name\":\"Home\",\"item\":\"https:\\\/\\\/www.bulkprocessingsystems.be\\\/fr\\\/\"},{\"@type\":\"ListItem\",\"position\":2,\"name\":\"Produits\",\"item\":\"https:\\\/\\\/www.bulkprocessingsystems.be\\\/fr\\\/shop\\\/\"},{\"@type\":\"ListItem\",\"position\":3,\"name\":\"Hoppertop\"}]},{\"@type\":\"WebSite\",\"@id\":\"https:\\\/\\\/www.bulkprocessingsystems.be\\\/fr\\\/#website\",\"url\":\"https:\\\/\\\/www.bulkprocessingsystems.be\\\/fr\\\/\",\"name\":\"Bulk Processing Systems\",\"description\":\"\",\"publisher\":{\"@id\":\"https:\\\/\\\/www.bulkprocessingsystems.be\\\/fr\\\/#organization\"},\"potentialAction\":[{\"@type\":\"SearchAction\",\"target\":{\"@type\":\"EntryPoint\",\"urlTemplate\":\"https:\\\/\\\/www.bulkprocessingsystems.be\\\/fr\\\/?s={search_term_string}\"},\"query-input\":{\"@type\":\"PropertyValueSpecification\",\"valueRequired\":true,\"valueName\":\"search_term_string\"}}],\"inLanguage\":\"fr-FR\"},{\"@type\":\"Organization\",\"@id\":\"https:\\\/\\\/www.bulkprocessingsystems.be\\\/fr\\\/#organization\",\"name\":\"Bulk Processing Systems\",\"url\":\"https:\\\/\\\/www.bulkprocessingsystems.be\\\/fr\\\/\",\"logo\":{\"@type\":\"ImageObject\",\"inLanguage\":\"fr-FR\",\"@id\":\"https:\\\/\\\/www.bulkprocessingsystems.be\\\/fr\\\/#\\\/schema\\\/logo\\\/image\\\/\",\"url\":\"https:\\\/\\\/www.bulkprocessingsystems.be\\\/wp-content\\\/uploads\\\/2024\\\/07\\\/BPS-logo-II-transparant-zwart.png\",\"contentUrl\":\"https:\\\/\\\/www.bulkprocessingsystems.be\\\/wp-content\\\/uploads\\\/2024\\\/07\\\/BPS-logo-II-transparant-zwart.png\",\"width\":708,\"height\":528,\"caption\":\"Bulk Processing Systems\"},\"image\":{\"@id\":\"https:\\\/\\\/www.bulkprocessingsystems.be\\\/fr\\\/#\\\/schema\\\/logo\\\/image\\\/\"},\"sameAs\":[\"https:\\\/\\\/www.facebook.com\\\/profile.php?id=100054657810104\",\"https:\\\/\\\/www.linkedin.com\\\/company\\\/bulk-processing-systems\\\/\"]}]}<\/script>\n<!-- \/ Yoast SEO plugin. -->","yoast_head_json":{"title":"Hoppertop - Bulk Processing Systems","robots":{"index":"index","follow":"follow","max-snippet":"max-snippet:-1","max-image-preview":"max-image-preview:large","max-video-preview":"max-video-preview:-1"},"canonical":"https:\/\/www.bulkprocessingsystems.be\/fr\/produit\/hoppertop\/","og_locale":"fr_FR","og_type":"article","og_title":"Hoppertop - Bulk Processing Systems","og_description":"HOPPERTOP est un petit filtre d'\u00e9vacuation cylindrique sp\u00e9cifiquement con\u00e7u pour une installation sur des tr\u00e9mies de pesage dans une centrale \u00e0 b\u00e9ton et, en g\u00e9n\u00e9ral, l\u00e0 o\u00f9 l'espace est limit\u00e9. HOPPERTOP est un filtre d'\u00e9vacuation fonctionnant de mani\u00e8re discontinue pour les tr\u00e9mies ou silos remplis m\u00e9caniquement. La poussi\u00e8re s\u00e9par\u00e9e du flux d'air par un filtre WAM rond retombe dans la tr\u00e9mie, apr\u00e8s que le syst\u00e8me de nettoyage automatique int\u00e9gr\u00e9 dans le couvercle r\u00e9sistant aux intemp\u00e9ries a \u00e9limin\u00e9 les particules de poussi\u00e8re du filtre. Un couvercle \u00e0 charni\u00e8res prot\u00e8ge le filtre contre les intemp\u00e9ries.  Fonctions   Bo\u00eetier en acier inoxydable avec bride de fond  Conception compacte incluant un syst\u00e8me de nettoyage \u00e0 air comprim\u00e9  Haute efficacit\u00e9 de filtration gr\u00e2ce aux \u00e9l\u00e9ments filtrants WAM  Aucun outil n\u00e9cessaire pour le remplacement des \u00e9l\u00e9ments filtrants  Surface de filtration: 1,4 m2  Syst\u00e8me de nettoyage \u00e0 air comprim\u00e9 sans entretien int\u00e9gr\u00e9 dans la couverture de protection  Haute efficacit\u00e9 de filtration gr\u00e2ce aux vannes magn\u00e9tiques \u201cFull-Immersion\u201d  Facile \u00e0 installer et \u00e0 monter ult\u00e9rieurement  Avantages   Haute efficacit\u00e9 de filtration  Faibles \u00e9missions gr\u00e2ce au mat\u00e9riau filtrant certifi\u00e9 B.I.A.  Espace minimal requis 0,06 m2  Options   Raccord pour mesure des \u00e9missions  Mesure \u00e9lectronique de la diff\u00e9rence de pression (MDPE)  Anneau de montage","og_url":"https:\/\/www.bulkprocessingsystems.be\/fr\/produit\/hoppertop\/","og_site_name":"Bulk Processing Systems","article_publisher":"https:\/\/www.facebook.com\/profile.php?id=100054657810104","article_modified_time":"2024-09-09T12:18:00+00:00","og_image":[{"width":870,"height":516,"url":"https:\/\/www.bulkprocessingsystems.be\/wp-content\/uploads\/2024\/09\/BPS-Hoppertop-Ontluchtingsfilter.jpg","type":"image\/jpeg"}],"twitter_card":"summary_large_image","schema":{"@context":"https:\/\/schema.org","@graph":[{"@type":"WebPage","@id":"https:\/\/www.bulkprocessingsystems.be\/fr\/produit\/hoppertop\/","url":"https:\/\/www.bulkprocessingsystems.be\/fr\/produit\/hoppertop\/","name":"Hoppertop - Bulk Processing Systems","isPartOf":{"@id":"https:\/\/www.bulkprocessingsystems.be\/fr\/#website"},"primaryImageOfPage":{"@id":"https:\/\/www.bulkprocessingsystems.be\/fr\/produit\/hoppertop\/#primaryimage"},"image":{"@id":"https:\/\/www.bulkprocessingsystems.be\/fr\/produit\/hoppertop\/#primaryimage"},"thumbnailUrl":"https:\/\/www.bulkprocessingsystems.be\/wp-content\/uploads\/2024\/09\/BPS-Hoppertop-Ontluchtingsfilter.jpg","datePublished":"2024-09-04T12:24:48+00:00","dateModified":"2024-09-09T12:18:00+00:00","breadcrumb":{"@id":"https:\/\/www.bulkprocessingsystems.be\/fr\/produit\/hoppertop\/#breadcrumb"},"inLanguage":"fr-FR","potentialAction":[{"@type":"ReadAction","target":["https:\/\/www.bulkprocessingsystems.be\/fr\/produit\/hoppertop\/"]}]},{"@type":"ImageObject","inLanguage":"fr-FR","@id":"https:\/\/www.bulkprocessingsystems.be\/fr\/produit\/hoppertop\/#primaryimage","url":"https:\/\/www.bulkprocessingsystems.be\/wp-content\/uploads\/2024\/09\/BPS-Hoppertop-Ontluchtingsfilter.jpg","contentUrl":"https:\/\/www.bulkprocessingsystems.be\/wp-content\/uploads\/2024\/09\/BPS-Hoppertop-Ontluchtingsfilter.jpg","width":870,"height":516,"caption":"BPS - Hopperjet - Filtres d\u00e9pression air"},{"@type":"BreadcrumbList","@id":"https:\/\/www.bulkprocessingsystems.be\/fr\/produit\/hoppertop\/#breadcrumb","itemListElement":[{"@type":"ListItem","position":1,"name":"Home","item":"https:\/\/www.bulkprocessingsystems.be\/fr\/"},{"@type":"ListItem","position":2,"name":"Produits","item":"https:\/\/www.bulkprocessingsystems.be\/fr\/shop\/"},{"@type":"ListItem","position":3,"name":"Hoppertop"}]},{"@type":"WebSite","@id":"https:\/\/www.bulkprocessingsystems.be\/fr\/#website","url":"https:\/\/www.bulkprocessingsystems.be\/fr\/","name":"Bulk Processing Systems","description":"","publisher":{"@id":"https:\/\/www.bulkprocessingsystems.be\/fr\/#organization"},"potentialAction":[{"@type":"SearchAction","target":{"@type":"EntryPoint","urlTemplate":"https:\/\/www.bulkprocessingsystems.be\/fr\/?s={search_term_string}"},"query-input":{"@type":"PropertyValueSpecification","valueRequired":true,"valueName":"search_term_string"}}],"inLanguage":"fr-FR"},{"@type":"Organization","@id":"https:\/\/www.bulkprocessingsystems.be\/fr\/#organization","name":"Bulk Processing Systems","url":"https:\/\/www.bulkprocessingsystems.be\/fr\/","logo":{"@type":"ImageObject","inLanguage":"fr-FR","@id":"https:\/\/www.bulkprocessingsystems.be\/fr\/#\/schema\/logo\/image\/","url":"https:\/\/www.bulkprocessingsystems.be\/wp-content\/uploads\/2024\/07\/BPS-logo-II-transparant-zwart.png","contentUrl":"https:\/\/www.bulkprocessingsystems.be\/wp-content\/uploads\/2024\/07\/BPS-logo-II-transparant-zwart.png","width":708,"height":528,"caption":"Bulk Processing Systems"},"image":{"@id":"https:\/\/www.bulkprocessingsystems.be\/fr\/#\/schema\/logo\/image\/"},"sameAs":["https:\/\/www.facebook.com\/profile.php?id=100054657810104","https:\/\/www.linkedin.com\/company\/bulk-processing-systems\/"]}]}},"_links":{"self":[{"href":"https:\/\/www.bulkprocessingsystems.be\/fr\/wp-json\/wp\/v2\/product\/1881","targetHints":{"allow":["GET"]}}],"collection":[{"href":"https:\/\/www.bulkprocessingsystems.be\/fr\/wp-json\/wp\/v2\/product"}],"about":[{"href":"https:\/\/www.bulkprocessingsystems.be\/fr\/wp-json\/wp\/v2\/types\/product"}],"wp:featuredmedia":[{"embeddable":true,"href":"https:\/\/www.bulkprocessingsystems.be\/fr\/wp-json\/wp\/v2\/media\/1667"}],"wp:attachment":[{"href":"https:\/\/www.bulkprocessingsystems.be\/fr\/wp-json\/wp\/v2\/media?parent=1881"}],"wp:term":[{"taxonomy":"product_brand","embeddable":true,"href":"https:\/\/www.bulkprocessingsystems.be\/fr\/wp-json\/wp\/v2\/product_brand?post=1881"},{"taxonomy":"product_cat","embeddable":true,"href":"https:\/\/www.bulkprocessingsystems.be\/fr\/wp-json\/wp\/v2\/product_cat?post=1881"},{"taxonomy":"product_tag","embeddable":true,"href":"https:\/\/www.bulkprocessingsystems.be\/fr\/wp-json\/wp\/v2\/product_tag?post=1881"}],"curies":[{"name":"wp","href":"https:\/\/api.w.org\/{rel}","templated":true}]}}