{"id":1882,"date":"2024-09-04T12:21:28","date_gmt":"2024-09-04T12:21:28","guid":{"rendered":"https:\/\/www.bulkprocessingsystems.be\/product\/silotop\/"},"modified":"2024-09-10T11:47:38","modified_gmt":"2024-09-10T11:47:38","slug":"silotop","status":"publish","type":"product","link":"https:\/\/www.bulkprocessingsystems.be\/fr\/produit\/silotop\/","title":{"rendered":"Silotop"},"content":{"rendered":"","protected":false},"excerpt":{"rendered":"<p>SILOTOP est un filtre de d\u00e9poussi\u00e9rage cylindrique pour la ventilation des silos remplis pneumatiquement. Le bo\u00eetier en acier inoxydable contient des \u00e9l\u00e9ments filtrants POLYPLEAT ins\u00e9r\u00e9s verticalement, fabriqu\u00e9s \u00e0 partir de mat\u00e9riau filtrant ABSOLUTE. Le syst\u00e8me de nettoyage \u00e0 air comprim\u00e9 est int\u00e9gr\u00e9 dans le couvercle en plastique \u00e0 charni\u00e8res. La poussi\u00e8re s\u00e9par\u00e9e du flux d&rsquo;air par les \u00e9l\u00e9ments filtrants sp\u00e9ciaux retombe dans le silo. L&rsquo;\u00e9l\u00e9ment filtrant est nettoy\u00e9 par le syst\u00e8me de nettoyage \u00e0 air comprim\u00e9 int\u00e9gr\u00e9 dans le couvercle.<\/br><\/br>     Fonctions <\/p>\n<ul>\n<li>Stof emissie &lt; 1mg\/Nm<sup>3<\/sup><\/li>\n<li>Bo\u00eetier compact en acier inoxydable \u00d8800 mm, avec bride de fond en acier inoxydable<\/li>\n<li>14 m\u00b2 Surface de filtration<\/li>\n<li>Hauteur de travail pour maintenance : 1 100 mm<\/li>\n<li>Haute efficacit\u00e9 de filtration attribuable aux \u00e9l\u00e9ments filtrants POLYPLEAT\u00ae de classe EPA ABSOLUTE<\/li>\n<li>Syst\u00e8me de nettoyage \u00e0 air comprim\u00e9 sans entretien int\u00e9gr\u00e9 dans le chapeau de pluie en plastique \u00e0 charni\u00e8res<\/li>\n<li>Capot de pluie avec charni\u00e8re de s\u00e9curit\u00e9 verrouillable<\/li>\n<\/ul>\n<p> Avantages <\/p>\n<ul>\n<li>Faible consommation d&rsquo;air<\/li>\n<li>Traitement des volumes d&rsquo;air jusqu&rsquo;\u00e0 1,600 Nm<sup>3<\/sup>\/h<\/li>\n<li>Conception compacte<\/li>\n<li>Parfaitement accessible<\/li>\n<li>Gain de temps : remplacement complet du mat\u00e9riau filtrant par une seule personne en quelques minutes seulement<\/li>\n<li>Enti\u00e8rement interchangeable avec le SILOTOP R03<\/li>\n<\/ul>\n<p> Options <\/p>\n<ul>\n<li>24.5 m\u00b2 Surface de filtration<\/li>\n<li>Anneau de base soud\u00e9<\/li>\n<li>Mesure de diff\u00e9rence de pression \u00e9lectronique multifonctionnelle<\/li>\n<li>Protection hivernale pour \u00e9lectrovannes<\/li>\n<\/ul>\n","protected":false},"featured_media":1663,"template":"","meta":{"_et_pb_use_builder":"","_et_pb_old_content":"","_et_gb_content_width":""},"product_brand":[],"product_cat":[84,85],"product_tag":[],"class_list":{"0":"post-1882","1":"product","2":"type-product","3":"status-publish","4":"has-post-thumbnail","6":"product_cat-filters-fr","7":"product_cat-filtres-depoussiereurs","9":"first","10":"instock","11":"shipping-taxable","12":"purchasable","13":"product-type-simple"},"yoast_head":"<!-- This site is optimized with the Yoast SEO plugin v27.3 - https:\/\/yoast.com\/product\/yoast-seo-wordpress\/ -->\n<title>Silotop - Bulk Processing Systems<\/title>\n<meta name=\"robots\" content=\"index, follow, max-snippet:-1, max-image-preview:large, max-video-preview:-1\" \/>\n<link rel=\"canonical\" href=\"https:\/\/www.bulkprocessingsystems.be\/fr\/produit\/silotop\/\" \/>\n<meta property=\"og:locale\" content=\"fr_FR\" \/>\n<meta property=\"og:type\" content=\"article\" \/>\n<meta property=\"og:title\" content=\"Silotop - Bulk Processing Systems\" \/>\n<meta property=\"og:description\" content=\"SILOTOP est un filtre de d\u00e9poussi\u00e9rage cylindrique pour la ventilation des silos remplis pneumatiquement. Le bo\u00eetier en acier inoxydable contient des \u00e9l\u00e9ments filtrants POLYPLEAT ins\u00e9r\u00e9s verticalement, fabriqu\u00e9s \u00e0 partir de mat\u00e9riau filtrant ABSOLUTE. Le syst\u00e8me de nettoyage \u00e0 air comprim\u00e9 est int\u00e9gr\u00e9 dans le couvercle en plastique \u00e0 charni\u00e8res. La poussi\u00e8re s\u00e9par\u00e9e du flux d&#039;air par les \u00e9l\u00e9ments filtrants sp\u00e9ciaux retombe dans le silo. L&#039;\u00e9l\u00e9ment filtrant est nettoy\u00e9 par le syst\u00e8me de nettoyage \u00e0 air comprim\u00e9 int\u00e9gr\u00e9 dans le couvercle.   Fonctions   Stof emissie &lt; 1mg\/Nm3  Bo\u00eetier compact en acier inoxydable \u00d8800 mm, avec bride de fond en acier inoxydable  14 m\u00b2 Surface de filtration  Hauteur de travail pour maintenance : 1 100 mm  Haute efficacit\u00e9 de filtration attribuable aux \u00e9l\u00e9ments filtrants POLYPLEAT\u00ae de classe EPA ABSOLUTE  Syst\u00e8me de nettoyage \u00e0 air comprim\u00e9 sans entretien int\u00e9gr\u00e9 dans le chapeau de pluie en plastique \u00e0 charni\u00e8res  Capot de pluie avec charni\u00e8re de s\u00e9curit\u00e9 verrouillable  Avantages   Faible consommation d&#039;air  Traitement des volumes d&#039;air jusqu&#039;\u00e0 1,600 Nm3\/h  Conception compacte  Parfaitement accessible  Gain de temps : remplacement complet du mat\u00e9riau filtrant par une seule personne en quelques minutes seulement  Enti\u00e8rement interchangeable avec le SILOTOP R03  Options   24.5 m\u00b2 Surface de filtration  Anneau de base soud\u00e9  Mesure de diff\u00e9rence de pression \u00e9lectronique multifonctionnelle  Protection hivernale pour \u00e9lectrovannes\" \/>\n<meta property=\"og:url\" content=\"https:\/\/www.bulkprocessingsystems.be\/fr\/produit\/silotop\/\" \/>\n<meta property=\"og:site_name\" content=\"Bulk Processing Systems\" \/>\n<meta property=\"article:publisher\" content=\"https:\/\/www.facebook.com\/profile.php?id=100054657810104\" \/>\n<meta property=\"article:modified_time\" content=\"2024-09-10T11:47:38+00:00\" \/>\n<meta property=\"og:image\" content=\"https:\/\/www.bulkprocessingsystems.be\/wp-content\/uploads\/2024\/09\/BPS-Silotop-Ontluchtingsfilter.jpg\" \/>\n\t<meta property=\"og:image:width\" content=\"606\" \/>\n\t<meta property=\"og:image:height\" content=\"516\" \/>\n\t<meta property=\"og:image:type\" content=\"image\/jpeg\" \/>\n<meta name=\"twitter:card\" content=\"summary_large_image\" \/>\n<meta name=\"twitter:label1\" content=\"Dur\u00e9e de lecture estim\u00e9e\" \/>\n\t<meta name=\"twitter:data1\" content=\"1 minute\" \/>\n<script type=\"application\/ld+json\" class=\"yoast-schema-graph\">{\"@context\":\"https:\\\/\\\/schema.org\",\"@graph\":[{\"@type\":\"WebPage\",\"@id\":\"https:\\\/\\\/www.bulkprocessingsystems.be\\\/fr\\\/produit\\\/silotop\\\/\",\"url\":\"https:\\\/\\\/www.bulkprocessingsystems.be\\\/fr\\\/produit\\\/silotop\\\/\",\"name\":\"Silotop - Bulk Processing Systems\",\"isPartOf\":{\"@id\":\"https:\\\/\\\/www.bulkprocessingsystems.be\\\/fr\\\/#website\"},\"primaryImageOfPage\":{\"@id\":\"https:\\\/\\\/www.bulkprocessingsystems.be\\\/fr\\\/produit\\\/silotop\\\/#primaryimage\"},\"image\":{\"@id\":\"https:\\\/\\\/www.bulkprocessingsystems.be\\\/fr\\\/produit\\\/silotop\\\/#primaryimage\"},\"thumbnailUrl\":\"https:\\\/\\\/www.bulkprocessingsystems.be\\\/wp-content\\\/uploads\\\/2024\\\/09\\\/BPS-Silotop-Ontluchtingsfilter.jpg\",\"datePublished\":\"2024-09-04T12:21:28+00:00\",\"dateModified\":\"2024-09-10T11:47:38+00:00\",\"breadcrumb\":{\"@id\":\"https:\\\/\\\/www.bulkprocessingsystems.be\\\/fr\\\/produit\\\/silotop\\\/#breadcrumb\"},\"inLanguage\":\"fr-FR\",\"potentialAction\":[{\"@type\":\"ReadAction\",\"target\":[\"https:\\\/\\\/www.bulkprocessingsystems.be\\\/fr\\\/produit\\\/silotop\\\/\"]}]},{\"@type\":\"ImageObject\",\"inLanguage\":\"fr-FR\",\"@id\":\"https:\\\/\\\/www.bulkprocessingsystems.be\\\/fr\\\/produit\\\/silotop\\\/#primaryimage\",\"url\":\"https:\\\/\\\/www.bulkprocessingsystems.be\\\/wp-content\\\/uploads\\\/2024\\\/09\\\/BPS-Silotop-Ontluchtingsfilter.jpg\",\"contentUrl\":\"https:\\\/\\\/www.bulkprocessingsystems.be\\\/wp-content\\\/uploads\\\/2024\\\/09\\\/BPS-Silotop-Ontluchtingsfilter.jpg\",\"width\":606,\"height\":516,\"caption\":\"BPS - Silotop - Filtres d\u00e9pression air\"},{\"@type\":\"BreadcrumbList\",\"@id\":\"https:\\\/\\\/www.bulkprocessingsystems.be\\\/fr\\\/produit\\\/silotop\\\/#breadcrumb\",\"itemListElement\":[{\"@type\":\"ListItem\",\"position\":1,\"name\":\"Home\",\"item\":\"https:\\\/\\\/www.bulkprocessingsystems.be\\\/fr\\\/\"},{\"@type\":\"ListItem\",\"position\":2,\"name\":\"Produits\",\"item\":\"https:\\\/\\\/www.bulkprocessingsystems.be\\\/fr\\\/shop\\\/\"},{\"@type\":\"ListItem\",\"position\":3,\"name\":\"Silotop\"}]},{\"@type\":\"WebSite\",\"@id\":\"https:\\\/\\\/www.bulkprocessingsystems.be\\\/fr\\\/#website\",\"url\":\"https:\\\/\\\/www.bulkprocessingsystems.be\\\/fr\\\/\",\"name\":\"Bulk Processing Systems\",\"description\":\"\",\"publisher\":{\"@id\":\"https:\\\/\\\/www.bulkprocessingsystems.be\\\/fr\\\/#organization\"},\"potentialAction\":[{\"@type\":\"SearchAction\",\"target\":{\"@type\":\"EntryPoint\",\"urlTemplate\":\"https:\\\/\\\/www.bulkprocessingsystems.be\\\/fr\\\/?s={search_term_string}\"},\"query-input\":{\"@type\":\"PropertyValueSpecification\",\"valueRequired\":true,\"valueName\":\"search_term_string\"}}],\"inLanguage\":\"fr-FR\"},{\"@type\":\"Organization\",\"@id\":\"https:\\\/\\\/www.bulkprocessingsystems.be\\\/fr\\\/#organization\",\"name\":\"Bulk Processing Systems\",\"url\":\"https:\\\/\\\/www.bulkprocessingsystems.be\\\/fr\\\/\",\"logo\":{\"@type\":\"ImageObject\",\"inLanguage\":\"fr-FR\",\"@id\":\"https:\\\/\\\/www.bulkprocessingsystems.be\\\/fr\\\/#\\\/schema\\\/logo\\\/image\\\/\",\"url\":\"https:\\\/\\\/www.bulkprocessingsystems.be\\\/wp-content\\\/uploads\\\/2024\\\/07\\\/BPS-logo-II-transparant-zwart.png\",\"contentUrl\":\"https:\\\/\\\/www.bulkprocessingsystems.be\\\/wp-content\\\/uploads\\\/2024\\\/07\\\/BPS-logo-II-transparant-zwart.png\",\"width\":708,\"height\":528,\"caption\":\"Bulk Processing Systems\"},\"image\":{\"@id\":\"https:\\\/\\\/www.bulkprocessingsystems.be\\\/fr\\\/#\\\/schema\\\/logo\\\/image\\\/\"},\"sameAs\":[\"https:\\\/\\\/www.facebook.com\\\/profile.php?id=100054657810104\",\"https:\\\/\\\/www.linkedin.com\\\/company\\\/bulk-processing-systems\\\/\"]}]}<\/script>\n<!-- \/ Yoast SEO plugin. -->","yoast_head_json":{"title":"Silotop - Bulk Processing Systems","robots":{"index":"index","follow":"follow","max-snippet":"max-snippet:-1","max-image-preview":"max-image-preview:large","max-video-preview":"max-video-preview:-1"},"canonical":"https:\/\/www.bulkprocessingsystems.be\/fr\/produit\/silotop\/","og_locale":"fr_FR","og_type":"article","og_title":"Silotop - Bulk Processing Systems","og_description":"SILOTOP est un filtre de d\u00e9poussi\u00e9rage cylindrique pour la ventilation des silos remplis pneumatiquement. Le bo\u00eetier en acier inoxydable contient des \u00e9l\u00e9ments filtrants POLYPLEAT ins\u00e9r\u00e9s verticalement, fabriqu\u00e9s \u00e0 partir de mat\u00e9riau filtrant ABSOLUTE. Le syst\u00e8me de nettoyage \u00e0 air comprim\u00e9 est int\u00e9gr\u00e9 dans le couvercle en plastique \u00e0 charni\u00e8res. La poussi\u00e8re s\u00e9par\u00e9e du flux d'air par les \u00e9l\u00e9ments filtrants sp\u00e9ciaux retombe dans le silo. L'\u00e9l\u00e9ment filtrant est nettoy\u00e9 par le syst\u00e8me de nettoyage \u00e0 air comprim\u00e9 int\u00e9gr\u00e9 dans le couvercle.   Fonctions   Stof emissie &lt; 1mg\/Nm3  Bo\u00eetier compact en acier inoxydable \u00d8800 mm, avec bride de fond en acier inoxydable  14 m\u00b2 Surface de filtration  Hauteur de travail pour maintenance : 1 100 mm  Haute efficacit\u00e9 de filtration attribuable aux \u00e9l\u00e9ments filtrants POLYPLEAT\u00ae de classe EPA ABSOLUTE  Syst\u00e8me de nettoyage \u00e0 air comprim\u00e9 sans entretien int\u00e9gr\u00e9 dans le chapeau de pluie en plastique \u00e0 charni\u00e8res  Capot de pluie avec charni\u00e8re de s\u00e9curit\u00e9 verrouillable  Avantages   Faible consommation d'air  Traitement des volumes d'air jusqu'\u00e0 1,600 Nm3\/h  Conception compacte  Parfaitement accessible  Gain de temps : remplacement complet du mat\u00e9riau filtrant par une seule personne en quelques minutes seulement  Enti\u00e8rement interchangeable avec le SILOTOP R03  Options   24.5 m\u00b2 Surface de filtration  Anneau de base soud\u00e9  Mesure de diff\u00e9rence de pression \u00e9lectronique multifonctionnelle  Protection hivernale pour \u00e9lectrovannes","og_url":"https:\/\/www.bulkprocessingsystems.be\/fr\/produit\/silotop\/","og_site_name":"Bulk Processing Systems","article_publisher":"https:\/\/www.facebook.com\/profile.php?id=100054657810104","article_modified_time":"2024-09-10T11:47:38+00:00","og_image":[{"width":606,"height":516,"url":"https:\/\/www.bulkprocessingsystems.be\/wp-content\/uploads\/2024\/09\/BPS-Silotop-Ontluchtingsfilter.jpg","type":"image\/jpeg"}],"twitter_card":"summary_large_image","twitter_misc":{"Dur\u00e9e de lecture estim\u00e9e":"1 minute"},"schema":{"@context":"https:\/\/schema.org","@graph":[{"@type":"WebPage","@id":"https:\/\/www.bulkprocessingsystems.be\/fr\/produit\/silotop\/","url":"https:\/\/www.bulkprocessingsystems.be\/fr\/produit\/silotop\/","name":"Silotop - Bulk Processing Systems","isPartOf":{"@id":"https:\/\/www.bulkprocessingsystems.be\/fr\/#website"},"primaryImageOfPage":{"@id":"https:\/\/www.bulkprocessingsystems.be\/fr\/produit\/silotop\/#primaryimage"},"image":{"@id":"https:\/\/www.bulkprocessingsystems.be\/fr\/produit\/silotop\/#primaryimage"},"thumbnailUrl":"https:\/\/www.bulkprocessingsystems.be\/wp-content\/uploads\/2024\/09\/BPS-Silotop-Ontluchtingsfilter.jpg","datePublished":"2024-09-04T12:21:28+00:00","dateModified":"2024-09-10T11:47:38+00:00","breadcrumb":{"@id":"https:\/\/www.bulkprocessingsystems.be\/fr\/produit\/silotop\/#breadcrumb"},"inLanguage":"fr-FR","potentialAction":[{"@type":"ReadAction","target":["https:\/\/www.bulkprocessingsystems.be\/fr\/produit\/silotop\/"]}]},{"@type":"ImageObject","inLanguage":"fr-FR","@id":"https:\/\/www.bulkprocessingsystems.be\/fr\/produit\/silotop\/#primaryimage","url":"https:\/\/www.bulkprocessingsystems.be\/wp-content\/uploads\/2024\/09\/BPS-Silotop-Ontluchtingsfilter.jpg","contentUrl":"https:\/\/www.bulkprocessingsystems.be\/wp-content\/uploads\/2024\/09\/BPS-Silotop-Ontluchtingsfilter.jpg","width":606,"height":516,"caption":"BPS - Silotop - Filtres d\u00e9pression air"},{"@type":"BreadcrumbList","@id":"https:\/\/www.bulkprocessingsystems.be\/fr\/produit\/silotop\/#breadcrumb","itemListElement":[{"@type":"ListItem","position":1,"name":"Home","item":"https:\/\/www.bulkprocessingsystems.be\/fr\/"},{"@type":"ListItem","position":2,"name":"Produits","item":"https:\/\/www.bulkprocessingsystems.be\/fr\/shop\/"},{"@type":"ListItem","position":3,"name":"Silotop"}]},{"@type":"WebSite","@id":"https:\/\/www.bulkprocessingsystems.be\/fr\/#website","url":"https:\/\/www.bulkprocessingsystems.be\/fr\/","name":"Bulk Processing Systems","description":"","publisher":{"@id":"https:\/\/www.bulkprocessingsystems.be\/fr\/#organization"},"potentialAction":[{"@type":"SearchAction","target":{"@type":"EntryPoint","urlTemplate":"https:\/\/www.bulkprocessingsystems.be\/fr\/?s={search_term_string}"},"query-input":{"@type":"PropertyValueSpecification","valueRequired":true,"valueName":"search_term_string"}}],"inLanguage":"fr-FR"},{"@type":"Organization","@id":"https:\/\/www.bulkprocessingsystems.be\/fr\/#organization","name":"Bulk Processing Systems","url":"https:\/\/www.bulkprocessingsystems.be\/fr\/","logo":{"@type":"ImageObject","inLanguage":"fr-FR","@id":"https:\/\/www.bulkprocessingsystems.be\/fr\/#\/schema\/logo\/image\/","url":"https:\/\/www.bulkprocessingsystems.be\/wp-content\/uploads\/2024\/07\/BPS-logo-II-transparant-zwart.png","contentUrl":"https:\/\/www.bulkprocessingsystems.be\/wp-content\/uploads\/2024\/07\/BPS-logo-II-transparant-zwart.png","width":708,"height":528,"caption":"Bulk Processing Systems"},"image":{"@id":"https:\/\/www.bulkprocessingsystems.be\/fr\/#\/schema\/logo\/image\/"},"sameAs":["https:\/\/www.facebook.com\/profile.php?id=100054657810104","https:\/\/www.linkedin.com\/company\/bulk-processing-systems\/"]}]}},"_links":{"self":[{"href":"https:\/\/www.bulkprocessingsystems.be\/fr\/wp-json\/wp\/v2\/product\/1882","targetHints":{"allow":["GET"]}}],"collection":[{"href":"https:\/\/www.bulkprocessingsystems.be\/fr\/wp-json\/wp\/v2\/product"}],"about":[{"href":"https:\/\/www.bulkprocessingsystems.be\/fr\/wp-json\/wp\/v2\/types\/product"}],"wp:featuredmedia":[{"embeddable":true,"href":"https:\/\/www.bulkprocessingsystems.be\/fr\/wp-json\/wp\/v2\/media\/1663"}],"wp:attachment":[{"href":"https:\/\/www.bulkprocessingsystems.be\/fr\/wp-json\/wp\/v2\/media?parent=1882"}],"wp:term":[{"taxonomy":"product_brand","embeddable":true,"href":"https:\/\/www.bulkprocessingsystems.be\/fr\/wp-json\/wp\/v2\/product_brand?post=1882"},{"taxonomy":"product_cat","embeddable":true,"href":"https:\/\/www.bulkprocessingsystems.be\/fr\/wp-json\/wp\/v2\/product_cat?post=1882"},{"taxonomy":"product_tag","embeddable":true,"href":"https:\/\/www.bulkprocessingsystems.be\/fr\/wp-json\/wp\/v2\/product_tag?post=1882"}],"curies":[{"name":"wp","href":"https:\/\/api.w.org\/{rel}","templated":true}]}}