{"id":1885,"date":"2024-09-04T12:03:59","date_gmt":"2024-09-04T12:03:59","guid":{"rendered":"https:\/\/www.bulkprocessingsystems.be\/product\/commande-de-vanne-intelligente\/"},"modified":"2024-09-04T12:03:59","modified_gmt":"2024-09-04T12:03:59","slug":"commande-de-vanne-intelligente","status":"publish","type":"product","link":"https:\/\/www.bulkprocessingsystems.be\/fr\/produit\/commande-de-vanne-intelligente\/","title":{"rendered":"Commande de vanne intelligente"},"content":{"rendered":"","protected":false},"excerpt":{"rendered":"<p>Un positionneur de vanne, ou r\u00e9gulateur de position de vanne, est utilis\u00e9 pour contr\u00f4ler une vanne \u00e0 une position sp\u00e9cifique. Ce positionneur ajuste la position de la vanne en r\u00e9gulant la pression jusqu&rsquo;\u00e0 ce que la vanne atteigne la position souhait\u00e9e. La position d\u00e9sir\u00e9e est transmise \u00e0 la vanne via un signal 4-20 mA. Les r\u00e9gulateurs de position de vanne sont utilis\u00e9s l\u00e0 o\u00f9 il est n\u00e9cessaire de r\u00e9gler la position rapidement et de mani\u00e8re contr\u00f4l\u00e9e, par exemple, dans une vanne papillon sous un silo o\u00f9 la distribution est r\u00e9gul\u00e9e par des vannes.     Avantages <\/p>\n<ul>\n<li>Montage simple sur l&rsquo;actionneur<\/li>\n<li>Le signal 4-20 mA sert \u00e0 la fois de source d&rsquo;alimentation et de signal de commande<\/li>\n<li>Positionnement pr\u00e9cis<\/li>\n<li>Peut g\u00e9rer de grandes variations de forces exerc\u00e9es sur la vanne<\/li>\n<li>Positionnement rapide<\/li>\n<\/ul>\n","protected":false},"featured_media":1637,"template":"","meta":{"_et_pb_use_builder":"","_et_pb_old_content":"","_et_gb_content_width":""},"product_brand":[],"product_cat":[77,40,80],"product_tag":[],"class_list":{"0":"post-1885","1":"product","2":"type-product","3":"status-publish","4":"has-post-thumbnail","6":"product_cat-accessoires-2-fr","7":"product_cat-kleppen-fr","8":"product_cat-vannes-papillon","10":"first","11":"instock","12":"shipping-taxable","13":"purchasable","14":"product-type-simple"},"yoast_head":"<!-- This site is optimized with the Yoast SEO plugin v27.5 - https:\/\/yoast.com\/product\/yoast-seo-wordpress\/ -->\n<title>Commande de vanne intelligente - Bulk Processing Systems<\/title>\n<meta name=\"robots\" content=\"index, follow, max-snippet:-1, max-image-preview:large, max-video-preview:-1\" \/>\n<link rel=\"canonical\" href=\"https:\/\/www.bulkprocessingsystems.be\/fr\/produit\/commande-de-vanne-intelligente\/\" \/>\n<meta property=\"og:locale\" content=\"fr_FR\" \/>\n<meta property=\"og:type\" content=\"article\" \/>\n<meta property=\"og:title\" content=\"Commande de vanne intelligente - Bulk Processing Systems\" \/>\n<meta property=\"og:description\" content=\"Un positionneur de vanne, ou r\u00e9gulateur de position de vanne, est utilis\u00e9 pour contr\u00f4ler une vanne \u00e0 une position sp\u00e9cifique. Ce positionneur ajuste la position de la vanne en r\u00e9gulant la pression jusqu&#039;\u00e0 ce que la vanne atteigne la position souhait\u00e9e. La position d\u00e9sir\u00e9e est transmise \u00e0 la vanne via un signal 4-20 mA. Les r\u00e9gulateurs de position de vanne sont utilis\u00e9s l\u00e0 o\u00f9 il est n\u00e9cessaire de r\u00e9gler la position rapidement et de mani\u00e8re contr\u00f4l\u00e9e, par exemple, dans une vanne papillon sous un silo o\u00f9 la distribution est r\u00e9gul\u00e9e par des vannes.   Avantages  Montage simple sur l&#039;actionneur  Le signal 4-20 mA sert \u00e0 la fois de source d&#039;alimentation et de signal de commande  Positionnement pr\u00e9cis  Peut g\u00e9rer de grandes variations de forces exerc\u00e9es sur la vanne  Positionnement rapide\" \/>\n<meta property=\"og:url\" content=\"https:\/\/www.bulkprocessingsystems.be\/fr\/produit\/commande-de-vanne-intelligente\/\" \/>\n<meta property=\"og:site_name\" content=\"Bulk Processing Systems\" \/>\n<meta property=\"article:publisher\" content=\"https:\/\/www.facebook.com\/profile.php?id=100054657810104\" \/>\n<meta property=\"og:image\" content=\"https:\/\/www.bulkprocessingsystems.be\/wp-content\/uploads\/2024\/09\/Vlinderkleppen-Intelligente-afsluiter-bediening-Vannes-papillon-Commande-intelligente-de-vanne-2.jpg\" \/>\n\t<meta property=\"og:image:width\" content=\"773\" \/>\n\t<meta property=\"og:image:height\" content=\"1030\" \/>\n\t<meta property=\"og:image:type\" content=\"image\/jpeg\" \/>\n<meta name=\"twitter:card\" content=\"summary_large_image\" \/>\n<script type=\"application\/ld+json\" class=\"yoast-schema-graph\">{\"@context\":\"https:\\\/\\\/schema.org\",\"@graph\":[{\"@type\":\"WebPage\",\"@id\":\"https:\\\/\\\/www.bulkprocessingsystems.be\\\/fr\\\/produit\\\/commande-de-vanne-intelligente\\\/\",\"url\":\"https:\\\/\\\/www.bulkprocessingsystems.be\\\/fr\\\/produit\\\/commande-de-vanne-intelligente\\\/\",\"name\":\"Commande de vanne intelligente - Bulk Processing Systems\",\"isPartOf\":{\"@id\":\"https:\\\/\\\/www.bulkprocessingsystems.be\\\/fr\\\/#website\"},\"primaryImageOfPage\":{\"@id\":\"https:\\\/\\\/www.bulkprocessingsystems.be\\\/fr\\\/produit\\\/commande-de-vanne-intelligente\\\/#primaryimage\"},\"image\":{\"@id\":\"https:\\\/\\\/www.bulkprocessingsystems.be\\\/fr\\\/produit\\\/commande-de-vanne-intelligente\\\/#primaryimage\"},\"thumbnailUrl\":\"https:\\\/\\\/www.bulkprocessingsystems.be\\\/wp-content\\\/uploads\\\/2024\\\/09\\\/Vlinderkleppen-Intelligente-afsluiter-bediening-Vannes-papillon-Commande-intelligente-de-vanne-2.jpg\",\"datePublished\":\"2024-09-04T12:03:59+00:00\",\"breadcrumb\":{\"@id\":\"https:\\\/\\\/www.bulkprocessingsystems.be\\\/fr\\\/produit\\\/commande-de-vanne-intelligente\\\/#breadcrumb\"},\"inLanguage\":\"fr-FR\",\"potentialAction\":[{\"@type\":\"ReadAction\",\"target\":[\"https:\\\/\\\/www.bulkprocessingsystems.be\\\/fr\\\/produit\\\/commande-de-vanne-intelligente\\\/\"]}]},{\"@type\":\"ImageObject\",\"inLanguage\":\"fr-FR\",\"@id\":\"https:\\\/\\\/www.bulkprocessingsystems.be\\\/fr\\\/produit\\\/commande-de-vanne-intelligente\\\/#primaryimage\",\"url\":\"https:\\\/\\\/www.bulkprocessingsystems.be\\\/wp-content\\\/uploads\\\/2024\\\/09\\\/Vlinderkleppen-Intelligente-afsluiter-bediening-Vannes-papillon-Commande-intelligente-de-vanne-2.jpg\",\"contentUrl\":\"https:\\\/\\\/www.bulkprocessingsystems.be\\\/wp-content\\\/uploads\\\/2024\\\/09\\\/Vlinderkleppen-Intelligente-afsluiter-bediening-Vannes-papillon-Commande-intelligente-de-vanne-2.jpg\",\"width\":773,\"height\":1030,\"caption\":\"Vannes papillon Indicateurs de position\"},{\"@type\":\"BreadcrumbList\",\"@id\":\"https:\\\/\\\/www.bulkprocessingsystems.be\\\/fr\\\/produit\\\/commande-de-vanne-intelligente\\\/#breadcrumb\",\"itemListElement\":[{\"@type\":\"ListItem\",\"position\":1,\"name\":\"Home\",\"item\":\"https:\\\/\\\/www.bulkprocessingsystems.be\\\/fr\\\/\"},{\"@type\":\"ListItem\",\"position\":2,\"name\":\"Produits\",\"item\":\"https:\\\/\\\/www.bulkprocessingsystems.be\\\/fr\\\/shop\\\/\"},{\"@type\":\"ListItem\",\"position\":3,\"name\":\"Commande de vanne intelligente\"}]},{\"@type\":\"WebSite\",\"@id\":\"https:\\\/\\\/www.bulkprocessingsystems.be\\\/fr\\\/#website\",\"url\":\"https:\\\/\\\/www.bulkprocessingsystems.be\\\/fr\\\/\",\"name\":\"Bulk Processing Systems\",\"description\":\"\",\"publisher\":{\"@id\":\"https:\\\/\\\/www.bulkprocessingsystems.be\\\/fr\\\/#organization\"},\"potentialAction\":[{\"@type\":\"SearchAction\",\"target\":{\"@type\":\"EntryPoint\",\"urlTemplate\":\"https:\\\/\\\/www.bulkprocessingsystems.be\\\/fr\\\/?s={search_term_string}\"},\"query-input\":{\"@type\":\"PropertyValueSpecification\",\"valueRequired\":true,\"valueName\":\"search_term_string\"}}],\"inLanguage\":\"fr-FR\"},{\"@type\":\"Organization\",\"@id\":\"https:\\\/\\\/www.bulkprocessingsystems.be\\\/fr\\\/#organization\",\"name\":\"Bulk Processing Systems\",\"url\":\"https:\\\/\\\/www.bulkprocessingsystems.be\\\/fr\\\/\",\"logo\":{\"@type\":\"ImageObject\",\"inLanguage\":\"fr-FR\",\"@id\":\"https:\\\/\\\/www.bulkprocessingsystems.be\\\/fr\\\/#\\\/schema\\\/logo\\\/image\\\/\",\"url\":\"https:\\\/\\\/www.bulkprocessingsystems.be\\\/wp-content\\\/uploads\\\/2024\\\/07\\\/BPS-logo-II-transparant-zwart.png\",\"contentUrl\":\"https:\\\/\\\/www.bulkprocessingsystems.be\\\/wp-content\\\/uploads\\\/2024\\\/07\\\/BPS-logo-II-transparant-zwart.png\",\"width\":708,\"height\":528,\"caption\":\"Bulk Processing Systems\"},\"image\":{\"@id\":\"https:\\\/\\\/www.bulkprocessingsystems.be\\\/fr\\\/#\\\/schema\\\/logo\\\/image\\\/\"},\"sameAs\":[\"https:\\\/\\\/www.facebook.com\\\/profile.php?id=100054657810104\",\"https:\\\/\\\/www.linkedin.com\\\/company\\\/bulk-processing-systems\\\/\"]}]}<\/script>\n<!-- \/ Yoast SEO plugin. -->","yoast_head_json":{"title":"Commande de vanne intelligente - Bulk Processing Systems","robots":{"index":"index","follow":"follow","max-snippet":"max-snippet:-1","max-image-preview":"max-image-preview:large","max-video-preview":"max-video-preview:-1"},"canonical":"https:\/\/www.bulkprocessingsystems.be\/fr\/produit\/commande-de-vanne-intelligente\/","og_locale":"fr_FR","og_type":"article","og_title":"Commande de vanne intelligente - Bulk Processing Systems","og_description":"Un positionneur de vanne, ou r\u00e9gulateur de position de vanne, est utilis\u00e9 pour contr\u00f4ler une vanne \u00e0 une position sp\u00e9cifique. Ce positionneur ajuste la position de la vanne en r\u00e9gulant la pression jusqu'\u00e0 ce que la vanne atteigne la position souhait\u00e9e. La position d\u00e9sir\u00e9e est transmise \u00e0 la vanne via un signal 4-20 mA. Les r\u00e9gulateurs de position de vanne sont utilis\u00e9s l\u00e0 o\u00f9 il est n\u00e9cessaire de r\u00e9gler la position rapidement et de mani\u00e8re contr\u00f4l\u00e9e, par exemple, dans une vanne papillon sous un silo o\u00f9 la distribution est r\u00e9gul\u00e9e par des vannes.   Avantages  Montage simple sur l'actionneur  Le signal 4-20 mA sert \u00e0 la fois de source d'alimentation et de signal de commande  Positionnement pr\u00e9cis  Peut g\u00e9rer de grandes variations de forces exerc\u00e9es sur la vanne  Positionnement rapide","og_url":"https:\/\/www.bulkprocessingsystems.be\/fr\/produit\/commande-de-vanne-intelligente\/","og_site_name":"Bulk Processing Systems","article_publisher":"https:\/\/www.facebook.com\/profile.php?id=100054657810104","og_image":[{"width":773,"height":1030,"url":"https:\/\/www.bulkprocessingsystems.be\/wp-content\/uploads\/2024\/09\/Vlinderkleppen-Intelligente-afsluiter-bediening-Vannes-papillon-Commande-intelligente-de-vanne-2.jpg","type":"image\/jpeg"}],"twitter_card":"summary_large_image","schema":{"@context":"https:\/\/schema.org","@graph":[{"@type":"WebPage","@id":"https:\/\/www.bulkprocessingsystems.be\/fr\/produit\/commande-de-vanne-intelligente\/","url":"https:\/\/www.bulkprocessingsystems.be\/fr\/produit\/commande-de-vanne-intelligente\/","name":"Commande de vanne intelligente - Bulk Processing Systems","isPartOf":{"@id":"https:\/\/www.bulkprocessingsystems.be\/fr\/#website"},"primaryImageOfPage":{"@id":"https:\/\/www.bulkprocessingsystems.be\/fr\/produit\/commande-de-vanne-intelligente\/#primaryimage"},"image":{"@id":"https:\/\/www.bulkprocessingsystems.be\/fr\/produit\/commande-de-vanne-intelligente\/#primaryimage"},"thumbnailUrl":"https:\/\/www.bulkprocessingsystems.be\/wp-content\/uploads\/2024\/09\/Vlinderkleppen-Intelligente-afsluiter-bediening-Vannes-papillon-Commande-intelligente-de-vanne-2.jpg","datePublished":"2024-09-04T12:03:59+00:00","breadcrumb":{"@id":"https:\/\/www.bulkprocessingsystems.be\/fr\/produit\/commande-de-vanne-intelligente\/#breadcrumb"},"inLanguage":"fr-FR","potentialAction":[{"@type":"ReadAction","target":["https:\/\/www.bulkprocessingsystems.be\/fr\/produit\/commande-de-vanne-intelligente\/"]}]},{"@type":"ImageObject","inLanguage":"fr-FR","@id":"https:\/\/www.bulkprocessingsystems.be\/fr\/produit\/commande-de-vanne-intelligente\/#primaryimage","url":"https:\/\/www.bulkprocessingsystems.be\/wp-content\/uploads\/2024\/09\/Vlinderkleppen-Intelligente-afsluiter-bediening-Vannes-papillon-Commande-intelligente-de-vanne-2.jpg","contentUrl":"https:\/\/www.bulkprocessingsystems.be\/wp-content\/uploads\/2024\/09\/Vlinderkleppen-Intelligente-afsluiter-bediening-Vannes-papillon-Commande-intelligente-de-vanne-2.jpg","width":773,"height":1030,"caption":"Vannes papillon Indicateurs de position"},{"@type":"BreadcrumbList","@id":"https:\/\/www.bulkprocessingsystems.be\/fr\/produit\/commande-de-vanne-intelligente\/#breadcrumb","itemListElement":[{"@type":"ListItem","position":1,"name":"Home","item":"https:\/\/www.bulkprocessingsystems.be\/fr\/"},{"@type":"ListItem","position":2,"name":"Produits","item":"https:\/\/www.bulkprocessingsystems.be\/fr\/shop\/"},{"@type":"ListItem","position":3,"name":"Commande de vanne intelligente"}]},{"@type":"WebSite","@id":"https:\/\/www.bulkprocessingsystems.be\/fr\/#website","url":"https:\/\/www.bulkprocessingsystems.be\/fr\/","name":"Bulk Processing Systems","description":"","publisher":{"@id":"https:\/\/www.bulkprocessingsystems.be\/fr\/#organization"},"potentialAction":[{"@type":"SearchAction","target":{"@type":"EntryPoint","urlTemplate":"https:\/\/www.bulkprocessingsystems.be\/fr\/?s={search_term_string}"},"query-input":{"@type":"PropertyValueSpecification","valueRequired":true,"valueName":"search_term_string"}}],"inLanguage":"fr-FR"},{"@type":"Organization","@id":"https:\/\/www.bulkprocessingsystems.be\/fr\/#organization","name":"Bulk Processing Systems","url":"https:\/\/www.bulkprocessingsystems.be\/fr\/","logo":{"@type":"ImageObject","inLanguage":"fr-FR","@id":"https:\/\/www.bulkprocessingsystems.be\/fr\/#\/schema\/logo\/image\/","url":"https:\/\/www.bulkprocessingsystems.be\/wp-content\/uploads\/2024\/07\/BPS-logo-II-transparant-zwart.png","contentUrl":"https:\/\/www.bulkprocessingsystems.be\/wp-content\/uploads\/2024\/07\/BPS-logo-II-transparant-zwart.png","width":708,"height":528,"caption":"Bulk Processing Systems"},"image":{"@id":"https:\/\/www.bulkprocessingsystems.be\/fr\/#\/schema\/logo\/image\/"},"sameAs":["https:\/\/www.facebook.com\/profile.php?id=100054657810104","https:\/\/www.linkedin.com\/company\/bulk-processing-systems\/"]}]}},"_links":{"self":[{"href":"https:\/\/www.bulkprocessingsystems.be\/fr\/wp-json\/wp\/v2\/product\/1885","targetHints":{"allow":["GET"]}}],"collection":[{"href":"https:\/\/www.bulkprocessingsystems.be\/fr\/wp-json\/wp\/v2\/product"}],"about":[{"href":"https:\/\/www.bulkprocessingsystems.be\/fr\/wp-json\/wp\/v2\/types\/product"}],"wp:featuredmedia":[{"embeddable":true,"href":"https:\/\/www.bulkprocessingsystems.be\/fr\/wp-json\/wp\/v2\/media\/1637"}],"wp:attachment":[{"href":"https:\/\/www.bulkprocessingsystems.be\/fr\/wp-json\/wp\/v2\/media?parent=1885"}],"wp:term":[{"taxonomy":"product_brand","embeddable":true,"href":"https:\/\/www.bulkprocessingsystems.be\/fr\/wp-json\/wp\/v2\/product_brand?post=1885"},{"taxonomy":"product_cat","embeddable":true,"href":"https:\/\/www.bulkprocessingsystems.be\/fr\/wp-json\/wp\/v2\/product_cat?post=1885"},{"taxonomy":"product_tag","embeddable":true,"href":"https:\/\/www.bulkprocessingsystems.be\/fr\/wp-json\/wp\/v2\/product_tag?post=1885"}],"curies":[{"name":"wp","href":"https:\/\/api.w.org\/{rel}","templated":true}]}}