{"id":1888,"date":"2024-09-04T09:31:13","date_gmt":"2024-09-04T09:31:13","guid":{"rendered":"https:\/\/www.bulkprocessingsystems.be\/product\/soupapes-de-securite-de-surpression\/"},"modified":"2024-09-04T09:31:13","modified_gmt":"2024-09-04T09:31:13","slug":"soupapes-de-securite-de-surpression","status":"publish","type":"product","link":"https:\/\/www.bulkprocessingsystems.be\/fr\/produit\/soupapes-de-securite-de-surpression\/","title":{"rendered":"Soupapes de s\u00e9curit\u00e9 de surpression"},"content":{"rendered":"<p>Les vannes de s\u00e9curit\u00e9 \u00e0 pression VCP sont des vannes de surpression et de sous-pression. Ces vannes sont constitu\u00e9es d&rsquo;un bo\u00eetier cylindrique reli\u00e9 \u00e0 la bague d&rsquo;entr\u00e9e par un raccord \u00e0 vis. La sous-pression est compens\u00e9e par un disque maintenu en position par une tige centrale \u00e0 ressort. La surpression est \u00e9galement compens\u00e9e de la m\u00eame mani\u00e8re, mais par trois ressorts. Le tout est couvert par un joint r\u00e9sistant aux intemp\u00e9ries. Fonctions :      <\/p>\n<ul>\n<li>Deux tailles disponibles<\/li>\n<li>Volume d&rsquo;air : jusqu&rsquo;\u00e0 13 000 m\u00b3\/h<\/li>\n<li>Bo\u00eetier en acier carbone peint ou en inox 304<\/li>\n<li>Protection (couvercle) en inox 304<\/li>\n<li>Adapt\u00e9 pour transmettre les signaux<\/li>\n<li>Les deux versions sont pr\u00e9configur\u00e9es en usine pour une sous-pression de -0,005 bar et une surpression de +0,05 bar.<\/li>\n<\/ul>\n<p> Avantages : <\/p>\n<ul>\n<li>Poids limit\u00e9 et design compact facilitent grandement le r\u00e9glage<\/li>\n<li>Facile \u00e0 monter<\/li>\n<li>Entretien rapide<\/li>\n<\/ul>\n<p> Options : <\/p>\n<ul>\n<li>Version certifi\u00e9e ATEX<\/li>\n<li>EN 1935\/2004-compliant<\/li>\n<li>R\u00e9glages diff\u00e9rents disponibles en option<\/li>\n<li>Hublot d&rsquo;inspection<\/li>\n<li>Capteurs inductifs<\/li>\n<li>Vogelbescherming<\/li>\n<\/ul>\n","protected":false},"excerpt":{"rendered":"<p>Les vannes de s\u00e9curit\u00e9 \u00e0 pression VCP sont des vannes de surpression et de sous-pression. Ces vannes sont constitu\u00e9es d&rsquo;un bo\u00eetier cylindrique reli\u00e9 \u00e0 la bague d&rsquo;entr\u00e9e par un raccord \u00e0 vis. La sous-pression est compens\u00e9e par un disque maintenu en position par une tige centrale \u00e0 ressort. La surpression est \u00e9galement compens\u00e9e de la m\u00eame mani\u00e8re, mais par trois ressorts. Le tout est couvert par un joint r\u00e9sistant aux intemp\u00e9ries. Fonctions :      <\/p>\n<ul>\n<li style=\"list-style-type: none;\">\n<ul>\n<li>Deux tailles disponibles<\/li>\n<li>Volume d&rsquo;air : jusqu&rsquo;\u00e0 13 000 m\u00b3\/h<\/li>\n<li>Bo\u00eetier en acier carbone peint ou en inox 304<\/li>\n<li>Protection (couvercle) en inox 304<\/li>\n<li>Adapt\u00e9 pour transmettre les signaux<\/li>\n<li>Les deux versions sont pr\u00e9configur\u00e9es en usine pour une sous-pression de -0,005 bar et une surpression de +0,05 bar.<\/li>\n<\/ul>\n<\/li>\n<\/ul>\n<p> Avantages : <\/p>\n<ul>\n<li style=\"list-style-type: none;\">\n<ul>\n<li>Poids limit\u00e9 et design compact facilitent grandement le r\u00e9glage<\/li>\n<li>Facile \u00e0 monter<\/li>\n<li>Entretien rapide<\/li>\n<\/ul>\n<\/li>\n<\/ul>\n<p> Options : <\/p>\n<ul>\n<li style=\"list-style-type: none;\">\n<ul>\n<li>Version certifi\u00e9e ATEX<\/li>\n<li>EN 1935\/2004-compliant<\/li>\n<li>R\u00e9glages diff\u00e9rents disponibles en option<\/li>\n<li>Hublot d&rsquo;inspection<\/li>\n<li>Capteurs inductifs<\/li>\n<li>Protection contre les oiseaux<\/li>\n<\/ul>\n<\/li>\n<\/ul>\n","protected":false},"featured_media":1554,"template":"","meta":{"_et_pb_use_builder":"","_et_pb_old_content":"","_et_gb_content_width":""},"product_brand":[],"product_cat":[78,40],"product_tag":[],"class_list":{"0":"post-1888","1":"product","2":"type-product","3":"status-publish","4":"has-post-thumbnail","6":"product_cat-drukbeveiligingskleppen-fr","7":"product_cat-kleppen-fr","9":"first","10":"instock","11":"shipping-taxable","12":"purchasable","13":"product-type-simple"},"yoast_head":"<!-- This site is optimized with the Yoast SEO plugin v27.5 - https:\/\/yoast.com\/product\/yoast-seo-wordpress\/ -->\n<title>Soupapes de s\u00e9curit\u00e9 de surpression - Bulk Processing Systems<\/title>\n<meta name=\"robots\" content=\"index, follow, max-snippet:-1, max-image-preview:large, max-video-preview:-1\" \/>\n<link rel=\"canonical\" href=\"https:\/\/www.bulkprocessingsystems.be\/fr\/produit\/soupapes-de-securite-de-surpression\/\" \/>\n<meta property=\"og:locale\" content=\"fr_FR\" \/>\n<meta property=\"og:type\" content=\"article\" \/>\n<meta property=\"og:title\" content=\"Soupapes de s\u00e9curit\u00e9 de surpression - Bulk Processing Systems\" \/>\n<meta property=\"og:description\" content=\"Les vannes de s\u00e9curit\u00e9 \u00e0 pression VCP sont des vannes de surpression et de sous-pression. Ces vannes sont constitu\u00e9es d&#039;un bo\u00eetier cylindrique reli\u00e9 \u00e0 la bague d&#039;entr\u00e9e par un raccord \u00e0 vis. La sous-pression est compens\u00e9e par un disque maintenu en position par une tige centrale \u00e0 ressort. La surpression est \u00e9galement compens\u00e9e de la m\u00eame mani\u00e8re, mais par trois ressorts. Le tout est couvert par un joint r\u00e9sistant aux intemp\u00e9ries. Fonctions :       Deux tailles disponibles  Volume d&#039;air : jusqu&#039;\u00e0 13 000 m\u00b3\/h  Bo\u00eetier en acier carbone peint ou en inox 304  Protection (couvercle) en inox 304  Adapt\u00e9 pour transmettre les signaux  Les deux versions sont pr\u00e9configur\u00e9es en usine pour une sous-pression de -0,005 bar et une surpression de +0,05 bar.  Avantages :    Poids limit\u00e9 et design compact facilitent grandement le r\u00e9glage  Facile \u00e0 monter  Entretien rapide  Options :    Version certifi\u00e9e ATEX  EN 1935\/2004-compliant  R\u00e9glages diff\u00e9rents disponibles en option  Hublot d&#039;inspection  Capteurs inductifs  Protection contre les oiseaux\" \/>\n<meta property=\"og:url\" content=\"https:\/\/www.bulkprocessingsystems.be\/fr\/produit\/soupapes-de-securite-de-surpression\/\" \/>\n<meta property=\"og:site_name\" content=\"Bulk Processing Systems\" \/>\n<meta property=\"article:publisher\" content=\"https:\/\/www.facebook.com\/profile.php?id=100054657810104\" \/>\n<meta property=\"og:image\" content=\"https:\/\/www.bulkprocessingsystems.be\/wp-content\/uploads\/2024\/09\/Drukbeveiligingskleppen-Soupapes-de-securite-3.jpg\" \/>\n\t<meta property=\"og:image:width\" content=\"1030\" \/>\n\t<meta property=\"og:image:height\" content=\"773\" \/>\n\t<meta property=\"og:image:type\" content=\"image\/jpeg\" \/>\n<meta name=\"twitter:card\" content=\"summary_large_image\" \/>\n<meta name=\"twitter:label1\" content=\"Dur\u00e9e de lecture estim\u00e9e\" \/>\n\t<meta name=\"twitter:data1\" content=\"1 minute\" \/>\n<script type=\"application\/ld+json\" class=\"yoast-schema-graph\">{\"@context\":\"https:\\\/\\\/schema.org\",\"@graph\":[{\"@type\":\"WebPage\",\"@id\":\"https:\\\/\\\/www.bulkprocessingsystems.be\\\/fr\\\/produit\\\/soupapes-de-securite-de-surpression\\\/\",\"url\":\"https:\\\/\\\/www.bulkprocessingsystems.be\\\/fr\\\/produit\\\/soupapes-de-securite-de-surpression\\\/\",\"name\":\"Soupapes de s\u00e9curit\u00e9 de surpression - Bulk Processing Systems\",\"isPartOf\":{\"@id\":\"https:\\\/\\\/www.bulkprocessingsystems.be\\\/fr\\\/#website\"},\"primaryImageOfPage\":{\"@id\":\"https:\\\/\\\/www.bulkprocessingsystems.be\\\/fr\\\/produit\\\/soupapes-de-securite-de-surpression\\\/#primaryimage\"},\"image\":{\"@id\":\"https:\\\/\\\/www.bulkprocessingsystems.be\\\/fr\\\/produit\\\/soupapes-de-securite-de-surpression\\\/#primaryimage\"},\"thumbnailUrl\":\"https:\\\/\\\/www.bulkprocessingsystems.be\\\/wp-content\\\/uploads\\\/2024\\\/09\\\/Drukbeveiligingskleppen-Soupapes-de-securite-3.jpg\",\"datePublished\":\"2024-09-04T09:31:13+00:00\",\"breadcrumb\":{\"@id\":\"https:\\\/\\\/www.bulkprocessingsystems.be\\\/fr\\\/produit\\\/soupapes-de-securite-de-surpression\\\/#breadcrumb\"},\"inLanguage\":\"fr-FR\",\"potentialAction\":[{\"@type\":\"ReadAction\",\"target\":[\"https:\\\/\\\/www.bulkprocessingsystems.be\\\/fr\\\/produit\\\/soupapes-de-securite-de-surpression\\\/\"]}]},{\"@type\":\"ImageObject\",\"inLanguage\":\"fr-FR\",\"@id\":\"https:\\\/\\\/www.bulkprocessingsystems.be\\\/fr\\\/produit\\\/soupapes-de-securite-de-surpression\\\/#primaryimage\",\"url\":\"https:\\\/\\\/www.bulkprocessingsystems.be\\\/wp-content\\\/uploads\\\/2024\\\/09\\\/Drukbeveiligingskleppen-Soupapes-de-securite-3.jpg\",\"contentUrl\":\"https:\\\/\\\/www.bulkprocessingsystems.be\\\/wp-content\\\/uploads\\\/2024\\\/09\\\/Drukbeveiligingskleppen-Soupapes-de-securite-3.jpg\",\"width\":1030,\"height\":773,\"caption\":\"Soupapes de s\u00e9curit\u00e9\"},{\"@type\":\"BreadcrumbList\",\"@id\":\"https:\\\/\\\/www.bulkprocessingsystems.be\\\/fr\\\/produit\\\/soupapes-de-securite-de-surpression\\\/#breadcrumb\",\"itemListElement\":[{\"@type\":\"ListItem\",\"position\":1,\"name\":\"Home\",\"item\":\"https:\\\/\\\/www.bulkprocessingsystems.be\\\/fr\\\/\"},{\"@type\":\"ListItem\",\"position\":2,\"name\":\"Produits\",\"item\":\"https:\\\/\\\/www.bulkprocessingsystems.be\\\/fr\\\/shop\\\/\"},{\"@type\":\"ListItem\",\"position\":3,\"name\":\"Soupapes de s\u00e9curit\u00e9 de surpression\"}]},{\"@type\":\"WebSite\",\"@id\":\"https:\\\/\\\/www.bulkprocessingsystems.be\\\/fr\\\/#website\",\"url\":\"https:\\\/\\\/www.bulkprocessingsystems.be\\\/fr\\\/\",\"name\":\"Bulk Processing Systems\",\"description\":\"\",\"publisher\":{\"@id\":\"https:\\\/\\\/www.bulkprocessingsystems.be\\\/fr\\\/#organization\"},\"potentialAction\":[{\"@type\":\"SearchAction\",\"target\":{\"@type\":\"EntryPoint\",\"urlTemplate\":\"https:\\\/\\\/www.bulkprocessingsystems.be\\\/fr\\\/?s={search_term_string}\"},\"query-input\":{\"@type\":\"PropertyValueSpecification\",\"valueRequired\":true,\"valueName\":\"search_term_string\"}}],\"inLanguage\":\"fr-FR\"},{\"@type\":\"Organization\",\"@id\":\"https:\\\/\\\/www.bulkprocessingsystems.be\\\/fr\\\/#organization\",\"name\":\"Bulk Processing Systems\",\"url\":\"https:\\\/\\\/www.bulkprocessingsystems.be\\\/fr\\\/\",\"logo\":{\"@type\":\"ImageObject\",\"inLanguage\":\"fr-FR\",\"@id\":\"https:\\\/\\\/www.bulkprocessingsystems.be\\\/fr\\\/#\\\/schema\\\/logo\\\/image\\\/\",\"url\":\"https:\\\/\\\/www.bulkprocessingsystems.be\\\/wp-content\\\/uploads\\\/2024\\\/07\\\/BPS-logo-II-transparant-zwart.png\",\"contentUrl\":\"https:\\\/\\\/www.bulkprocessingsystems.be\\\/wp-content\\\/uploads\\\/2024\\\/07\\\/BPS-logo-II-transparant-zwart.png\",\"width\":708,\"height\":528,\"caption\":\"Bulk Processing Systems\"},\"image\":{\"@id\":\"https:\\\/\\\/www.bulkprocessingsystems.be\\\/fr\\\/#\\\/schema\\\/logo\\\/image\\\/\"},\"sameAs\":[\"https:\\\/\\\/www.facebook.com\\\/profile.php?id=100054657810104\",\"https:\\\/\\\/www.linkedin.com\\\/company\\\/bulk-processing-systems\\\/\"]}]}<\/script>\n<!-- \/ Yoast SEO plugin. -->","yoast_head_json":{"title":"Soupapes de s\u00e9curit\u00e9 de surpression - Bulk Processing Systems","robots":{"index":"index","follow":"follow","max-snippet":"max-snippet:-1","max-image-preview":"max-image-preview:large","max-video-preview":"max-video-preview:-1"},"canonical":"https:\/\/www.bulkprocessingsystems.be\/fr\/produit\/soupapes-de-securite-de-surpression\/","og_locale":"fr_FR","og_type":"article","og_title":"Soupapes de s\u00e9curit\u00e9 de surpression - Bulk Processing Systems","og_description":"Les vannes de s\u00e9curit\u00e9 \u00e0 pression VCP sont des vannes de surpression et de sous-pression. Ces vannes sont constitu\u00e9es d'un bo\u00eetier cylindrique reli\u00e9 \u00e0 la bague d'entr\u00e9e par un raccord \u00e0 vis. La sous-pression est compens\u00e9e par un disque maintenu en position par une tige centrale \u00e0 ressort. La surpression est \u00e9galement compens\u00e9e de la m\u00eame mani\u00e8re, mais par trois ressorts. Le tout est couvert par un joint r\u00e9sistant aux intemp\u00e9ries. Fonctions :       Deux tailles disponibles  Volume d'air : jusqu'\u00e0 13 000 m\u00b3\/h  Bo\u00eetier en acier carbone peint ou en inox 304  Protection (couvercle) en inox 304  Adapt\u00e9 pour transmettre les signaux  Les deux versions sont pr\u00e9configur\u00e9es en usine pour une sous-pression de -0,005 bar et une surpression de +0,05 bar.  Avantages :    Poids limit\u00e9 et design compact facilitent grandement le r\u00e9glage  Facile \u00e0 monter  Entretien rapide  Options :    Version certifi\u00e9e ATEX  EN 1935\/2004-compliant  R\u00e9glages diff\u00e9rents disponibles en option  Hublot d'inspection  Capteurs inductifs  Protection contre les oiseaux","og_url":"https:\/\/www.bulkprocessingsystems.be\/fr\/produit\/soupapes-de-securite-de-surpression\/","og_site_name":"Bulk Processing Systems","article_publisher":"https:\/\/www.facebook.com\/profile.php?id=100054657810104","og_image":[{"width":1030,"height":773,"url":"https:\/\/www.bulkprocessingsystems.be\/wp-content\/uploads\/2024\/09\/Drukbeveiligingskleppen-Soupapes-de-securite-3.jpg","type":"image\/jpeg"}],"twitter_card":"summary_large_image","twitter_misc":{"Dur\u00e9e de lecture estim\u00e9e":"1 minute"},"schema":{"@context":"https:\/\/schema.org","@graph":[{"@type":"WebPage","@id":"https:\/\/www.bulkprocessingsystems.be\/fr\/produit\/soupapes-de-securite-de-surpression\/","url":"https:\/\/www.bulkprocessingsystems.be\/fr\/produit\/soupapes-de-securite-de-surpression\/","name":"Soupapes de s\u00e9curit\u00e9 de surpression - Bulk Processing Systems","isPartOf":{"@id":"https:\/\/www.bulkprocessingsystems.be\/fr\/#website"},"primaryImageOfPage":{"@id":"https:\/\/www.bulkprocessingsystems.be\/fr\/produit\/soupapes-de-securite-de-surpression\/#primaryimage"},"image":{"@id":"https:\/\/www.bulkprocessingsystems.be\/fr\/produit\/soupapes-de-securite-de-surpression\/#primaryimage"},"thumbnailUrl":"https:\/\/www.bulkprocessingsystems.be\/wp-content\/uploads\/2024\/09\/Drukbeveiligingskleppen-Soupapes-de-securite-3.jpg","datePublished":"2024-09-04T09:31:13+00:00","breadcrumb":{"@id":"https:\/\/www.bulkprocessingsystems.be\/fr\/produit\/soupapes-de-securite-de-surpression\/#breadcrumb"},"inLanguage":"fr-FR","potentialAction":[{"@type":"ReadAction","target":["https:\/\/www.bulkprocessingsystems.be\/fr\/produit\/soupapes-de-securite-de-surpression\/"]}]},{"@type":"ImageObject","inLanguage":"fr-FR","@id":"https:\/\/www.bulkprocessingsystems.be\/fr\/produit\/soupapes-de-securite-de-surpression\/#primaryimage","url":"https:\/\/www.bulkprocessingsystems.be\/wp-content\/uploads\/2024\/09\/Drukbeveiligingskleppen-Soupapes-de-securite-3.jpg","contentUrl":"https:\/\/www.bulkprocessingsystems.be\/wp-content\/uploads\/2024\/09\/Drukbeveiligingskleppen-Soupapes-de-securite-3.jpg","width":1030,"height":773,"caption":"Soupapes de s\u00e9curit\u00e9"},{"@type":"BreadcrumbList","@id":"https:\/\/www.bulkprocessingsystems.be\/fr\/produit\/soupapes-de-securite-de-surpression\/#breadcrumb","itemListElement":[{"@type":"ListItem","position":1,"name":"Home","item":"https:\/\/www.bulkprocessingsystems.be\/fr\/"},{"@type":"ListItem","position":2,"name":"Produits","item":"https:\/\/www.bulkprocessingsystems.be\/fr\/shop\/"},{"@type":"ListItem","position":3,"name":"Soupapes de s\u00e9curit\u00e9 de surpression"}]},{"@type":"WebSite","@id":"https:\/\/www.bulkprocessingsystems.be\/fr\/#website","url":"https:\/\/www.bulkprocessingsystems.be\/fr\/","name":"Bulk Processing Systems","description":"","publisher":{"@id":"https:\/\/www.bulkprocessingsystems.be\/fr\/#organization"},"potentialAction":[{"@type":"SearchAction","target":{"@type":"EntryPoint","urlTemplate":"https:\/\/www.bulkprocessingsystems.be\/fr\/?s={search_term_string}"},"query-input":{"@type":"PropertyValueSpecification","valueRequired":true,"valueName":"search_term_string"}}],"inLanguage":"fr-FR"},{"@type":"Organization","@id":"https:\/\/www.bulkprocessingsystems.be\/fr\/#organization","name":"Bulk Processing Systems","url":"https:\/\/www.bulkprocessingsystems.be\/fr\/","logo":{"@type":"ImageObject","inLanguage":"fr-FR","@id":"https:\/\/www.bulkprocessingsystems.be\/fr\/#\/schema\/logo\/image\/","url":"https:\/\/www.bulkprocessingsystems.be\/wp-content\/uploads\/2024\/07\/BPS-logo-II-transparant-zwart.png","contentUrl":"https:\/\/www.bulkprocessingsystems.be\/wp-content\/uploads\/2024\/07\/BPS-logo-II-transparant-zwart.png","width":708,"height":528,"caption":"Bulk Processing Systems"},"image":{"@id":"https:\/\/www.bulkprocessingsystems.be\/fr\/#\/schema\/logo\/image\/"},"sameAs":["https:\/\/www.facebook.com\/profile.php?id=100054657810104","https:\/\/www.linkedin.com\/company\/bulk-processing-systems\/"]}]}},"_links":{"self":[{"href":"https:\/\/www.bulkprocessingsystems.be\/fr\/wp-json\/wp\/v2\/product\/1888","targetHints":{"allow":["GET"]}}],"collection":[{"href":"https:\/\/www.bulkprocessingsystems.be\/fr\/wp-json\/wp\/v2\/product"}],"about":[{"href":"https:\/\/www.bulkprocessingsystems.be\/fr\/wp-json\/wp\/v2\/types\/product"}],"wp:featuredmedia":[{"embeddable":true,"href":"https:\/\/www.bulkprocessingsystems.be\/fr\/wp-json\/wp\/v2\/media\/1554"}],"wp:attachment":[{"href":"https:\/\/www.bulkprocessingsystems.be\/fr\/wp-json\/wp\/v2\/media?parent=1888"}],"wp:term":[{"taxonomy":"product_brand","embeddable":true,"href":"https:\/\/www.bulkprocessingsystems.be\/fr\/wp-json\/wp\/v2\/product_brand?post=1888"},{"taxonomy":"product_cat","embeddable":true,"href":"https:\/\/www.bulkprocessingsystems.be\/fr\/wp-json\/wp\/v2\/product_cat?post=1888"},{"taxonomy":"product_tag","embeddable":true,"href":"https:\/\/www.bulkprocessingsystems.be\/fr\/wp-json\/wp\/v2\/product_tag?post=1888"}],"curies":[{"name":"wp","href":"https:\/\/api.w.org\/{rel}","templated":true}]}}