{"id":1911,"date":"2024-09-04T10:25:17","date_gmt":"2024-09-04T10:25:17","guid":{"rendered":"https:\/\/www.bulkprocessingsystems.be\/product\/vannes-papillon-vfp\/"},"modified":"2024-09-10T11:53:28","modified_gmt":"2024-09-10T11:53:28","slug":"vannes-papillon-vfp","status":"publish","type":"product","link":"https:\/\/www.bulkprocessingsystems.be\/fr\/produit\/vannes-papillon-vfp\/","title":{"rendered":"Vannes papillon VFP"},"content":{"rendered":"","protected":false},"excerpt":{"rendered":"<p>Les vannes papillon VFP sont constitu\u00e9es de deux moiti\u00e9s moul\u00e9es sous pression en alliage d&rsquo;aluminium, d&rsquo;un disque rotatif en technopolym\u00e8re SINT, en acier inoxydable ou en fonte, et d&rsquo;un joint \u00e9lastom\u00e8re pr\u00e9form\u00e9. Pour les applications alimentaires, une version avec disque en acier inoxydable et joint approuv\u00e9 par la FDA est disponible. <\/br><\/br>Les vannes papillon VFP peuvent \u00eatre utilis\u00e9es pour tous types de poudres ou de mat\u00e9riaux granulaires stock\u00e9s dans des silos ou des conteneurs. Elles sont employ\u00e9es dans divers types d&rsquo;installations de traitement des mat\u00e9riaux en vrac, o\u00f9 il est n\u00e9cessaire de recueillir des poudres ou des granul\u00e9s aliment\u00e9s par gravit\u00e9 ou par pneumatique. <\/br><\/br>Les vannes papillon VFP peuvent \u00eatre install\u00e9es sous des tr\u00e9mies, des r\u00e9servoirs, des silos, des convoyeurs \u00e0 vis ou d&rsquo;autres syst\u00e8mes de transport, ou pour la collecte de mat\u00e9riel dans des conduites de transport pneumatique. Gr\u00e2ce \u00e0 leur conception sp\u00e9ciale et aux mat\u00e9riaux utilis\u00e9s, elles offrent une solution tr\u00e8s \u00e9conomique et efficace dans tous les traitements de produits o\u00f9 la contamination et la pollution du mat\u00e9riel sont des points critiques. <\/br><\/br>Caract\u00e9ristiques techniques       <\/p>\n<ul>\n<li>V2FP avec brides sup\u00e9rieures et inf\u00e9rieures identiques<\/li>\n<li>R\u00e9sistant \u00e0 la pression jusqu&rsquo;\u00e0 0.2 bar (2.9 PSI)<\/li>\n<li>Moiti\u00e9s moul\u00e9es sous pression, en alliage d&rsquo;aluminium<\/li>\n<li>Disque en fonte, SINT\u00ae, polyac\u00e9tal technopolym\u00e8re ou acier inoxydable<\/li>\n<li>Joints pour applications standards ou alimentaires<\/li>\n<li>Disques tr\u00e8s r\u00e9sistants \u00e0 l&rsquo;usure, interchangeables<\/li>\n<li>Nombre limit\u00e9 de pi\u00e8ces<\/li>\n<li>Utilis\u00e9 pour des poudres, des granul\u00e9s<\/li>\n<\/ul>\n<p> Options <\/p>\n<ul>\n<li>Certifi\u00e9 ATEX (zone 22)<\/li>\n<\/ul>\n<p> Avantages <\/p>\n<ul>\n<li>Entretien rapide gr\u00e2ce au nombre r\u00e9duit de pi\u00e8ces<\/li>\n<li>L\u00e9ger et facile \u00e0 manipuler gr\u00e2ce aux dimensions minimales en hauteur<\/li>\n<li>Facile \u00e0 installer gr\u00e2ce \u00e0 la compatibilit\u00e9 avec les brides PN et ANSI<\/li>\n<li>Faibles niveaux de d\u00e9p\u00f4t et de contamination gr\u00e2ce aux nouvelles dimensions d&rsquo;entr\u00e9e disponibles.<\/li>\n<li>NOUVEAU\u202f! Actionneur universel renforc\u00e9 avec indicateur de position inclus. <\/li>\n<li>Livraison depuis stock<\/li>\n<\/ul>\n","protected":false},"featured_media":1614,"template":"","meta":{"_et_pb_use_builder":"","_et_pb_old_content":"","_et_gb_content_width":""},"product_brand":[],"product_cat":[40,80],"product_tag":[],"class_list":{"0":"post-1911","1":"product","2":"type-product","3":"status-publish","4":"has-post-thumbnail","6":"product_cat-kleppen-fr","7":"product_cat-vannes-papillon","9":"first","10":"instock","11":"shipping-taxable","12":"purchasable","13":"product-type-simple"},"yoast_head":"<!-- This site is optimized with the Yoast SEO plugin v27.5 - https:\/\/yoast.com\/product\/yoast-seo-wordpress\/ -->\n<title>Vannes papillon VFP - Bulk Processing Systems<\/title>\n<meta name=\"robots\" content=\"index, follow, max-snippet:-1, max-image-preview:large, max-video-preview:-1\" \/>\n<link rel=\"canonical\" href=\"https:\/\/www.bulkprocessingsystems.be\/fr\/produit\/vannes-papillon-vfp\/\" \/>\n<meta property=\"og:locale\" content=\"fr_FR\" \/>\n<meta property=\"og:type\" content=\"article\" \/>\n<meta property=\"og:title\" content=\"Vannes papillon VFP - Bulk Processing Systems\" \/>\n<meta property=\"og:description\" content=\"Les vannes papillon VFP sont constitu\u00e9es de deux moiti\u00e9s moul\u00e9es sous pression en alliage d&#039;aluminium, d&#039;un disque rotatif en technopolym\u00e8re SINT, en acier inoxydable ou en fonte, et d&#039;un joint \u00e9lastom\u00e8re pr\u00e9form\u00e9. Pour les applications alimentaires, une version avec disque en acier inoxydable et joint approuv\u00e9 par la FDA est disponible. Les vannes papillon VFP peuvent \u00eatre utilis\u00e9es pour tous types de poudres ou de mat\u00e9riaux granulaires stock\u00e9s dans des silos ou des conteneurs. Elles sont employ\u00e9es dans divers types d&#039;installations de traitement des mat\u00e9riaux en vrac, o\u00f9 il est n\u00e9cessaire de recueillir des poudres ou des granul\u00e9s aliment\u00e9s par gravit\u00e9 ou par pneumatique. Les vannes papillon VFP peuvent \u00eatre install\u00e9es sous des tr\u00e9mies, des r\u00e9servoirs, des silos, des convoyeurs \u00e0 vis ou d&#039;autres syst\u00e8mes de transport, ou pour la collecte de mat\u00e9riel dans des conduites de transport pneumatique. Gr\u00e2ce \u00e0 leur conception sp\u00e9ciale et aux mat\u00e9riaux utilis\u00e9s, elles offrent une solution tr\u00e8s \u00e9conomique et efficace dans tous les traitements de produits o\u00f9 la contamination et la pollution du mat\u00e9riel sont des points critiques. Caract\u00e9ristiques techniques      V2FP avec brides sup\u00e9rieures et inf\u00e9rieures identiques  R\u00e9sistant \u00e0 la pression jusqu&#039;\u00e0 0.2 bar (2.9 PSI)  Moiti\u00e9s moul\u00e9es sous pression, en alliage d&#039;aluminium  Disque en fonte, SINT\u00ae, polyac\u00e9tal technopolym\u00e8re ou acier inoxydable  Joints pour applications standards ou alimentaires  Disques tr\u00e8s r\u00e9sistants \u00e0 l&#039;usure, interchangeables  Nombre limit\u00e9 de pi\u00e8ces  Utilis\u00e9 pour des poudres, des granul\u00e9s  Options   Certifi\u00e9 ATEX (zone 22)  Avantages   Entretien rapide gr\u00e2ce au nombre r\u00e9duit de pi\u00e8ces  L\u00e9ger et facile \u00e0 manipuler gr\u00e2ce aux dimensions minimales en hauteur  Facile \u00e0 installer gr\u00e2ce \u00e0 la compatibilit\u00e9 avec les brides PN et ANSI  Faibles niveaux de d\u00e9p\u00f4t et de contamination gr\u00e2ce aux nouvelles dimensions d&#039;entr\u00e9e disponibles.  NOUVEAU\u202f! Actionneur universel renforc\u00e9 avec indicateur de position inclus.   Livraison depuis stock\" \/>\n<meta property=\"og:url\" content=\"https:\/\/www.bulkprocessingsystems.be\/fr\/produit\/vannes-papillon-vfp\/\" \/>\n<meta property=\"og:site_name\" content=\"Bulk Processing Systems\" \/>\n<meta property=\"article:publisher\" content=\"https:\/\/www.facebook.com\/profile.php?id=100054657810104\" \/>\n<meta property=\"article:modified_time\" content=\"2024-09-10T11:53:28+00:00\" \/>\n<meta property=\"og:image\" content=\"https:\/\/www.bulkprocessingsystems.be\/wp-content\/uploads\/2024\/09\/VFP-Vlinderkleppen-Vannes-Paillon-VFP-3.jpg\" \/>\n\t<meta property=\"og:image:width\" content=\"773\" \/>\n\t<meta property=\"og:image:height\" content=\"1030\" \/>\n\t<meta property=\"og:image:type\" content=\"image\/jpeg\" \/>\n<meta name=\"twitter:card\" content=\"summary_large_image\" \/>\n<meta name=\"twitter:label1\" content=\"Dur\u00e9e de lecture estim\u00e9e\" \/>\n\t<meta name=\"twitter:data1\" content=\"1 minute\" \/>\n<script type=\"application\/ld+json\" class=\"yoast-schema-graph\">{\"@context\":\"https:\\\/\\\/schema.org\",\"@graph\":[{\"@type\":\"WebPage\",\"@id\":\"https:\\\/\\\/www.bulkprocessingsystems.be\\\/fr\\\/produit\\\/vannes-papillon-vfp\\\/\",\"url\":\"https:\\\/\\\/www.bulkprocessingsystems.be\\\/fr\\\/produit\\\/vannes-papillon-vfp\\\/\",\"name\":\"Vannes papillon VFP - Bulk Processing Systems\",\"isPartOf\":{\"@id\":\"https:\\\/\\\/www.bulkprocessingsystems.be\\\/fr\\\/#website\"},\"primaryImageOfPage\":{\"@id\":\"https:\\\/\\\/www.bulkprocessingsystems.be\\\/fr\\\/produit\\\/vannes-papillon-vfp\\\/#primaryimage\"},\"image\":{\"@id\":\"https:\\\/\\\/www.bulkprocessingsystems.be\\\/fr\\\/produit\\\/vannes-papillon-vfp\\\/#primaryimage\"},\"thumbnailUrl\":\"https:\\\/\\\/www.bulkprocessingsystems.be\\\/wp-content\\\/uploads\\\/2024\\\/09\\\/VFP-Vlinderkleppen-Vannes-Paillon-VFP-3.jpg\",\"datePublished\":\"2024-09-04T10:25:17+00:00\",\"dateModified\":\"2024-09-10T11:53:28+00:00\",\"breadcrumb\":{\"@id\":\"https:\\\/\\\/www.bulkprocessingsystems.be\\\/fr\\\/produit\\\/vannes-papillon-vfp\\\/#breadcrumb\"},\"inLanguage\":\"fr-FR\",\"potentialAction\":[{\"@type\":\"ReadAction\",\"target\":[\"https:\\\/\\\/www.bulkprocessingsystems.be\\\/fr\\\/produit\\\/vannes-papillon-vfp\\\/\"]}]},{\"@type\":\"ImageObject\",\"inLanguage\":\"fr-FR\",\"@id\":\"https:\\\/\\\/www.bulkprocessingsystems.be\\\/fr\\\/produit\\\/vannes-papillon-vfp\\\/#primaryimage\",\"url\":\"https:\\\/\\\/www.bulkprocessingsystems.be\\\/wp-content\\\/uploads\\\/2024\\\/09\\\/VFP-Vlinderkleppen-Vannes-Paillon-VFP-3.jpg\",\"contentUrl\":\"https:\\\/\\\/www.bulkprocessingsystems.be\\\/wp-content\\\/uploads\\\/2024\\\/09\\\/VFP-Vlinderkleppen-Vannes-Paillon-VFP-3.jpg\",\"width\":773,\"height\":1030,\"caption\":\"Vannes Paillon VFP\"},{\"@type\":\"BreadcrumbList\",\"@id\":\"https:\\\/\\\/www.bulkprocessingsystems.be\\\/fr\\\/produit\\\/vannes-papillon-vfp\\\/#breadcrumb\",\"itemListElement\":[{\"@type\":\"ListItem\",\"position\":1,\"name\":\"Home\",\"item\":\"https:\\\/\\\/www.bulkprocessingsystems.be\\\/fr\\\/\"},{\"@type\":\"ListItem\",\"position\":2,\"name\":\"Produits\",\"item\":\"https:\\\/\\\/www.bulkprocessingsystems.be\\\/fr\\\/shop\\\/\"},{\"@type\":\"ListItem\",\"position\":3,\"name\":\"Vannes papillon VFP\"}]},{\"@type\":\"WebSite\",\"@id\":\"https:\\\/\\\/www.bulkprocessingsystems.be\\\/fr\\\/#website\",\"url\":\"https:\\\/\\\/www.bulkprocessingsystems.be\\\/fr\\\/\",\"name\":\"Bulk Processing Systems\",\"description\":\"\",\"publisher\":{\"@id\":\"https:\\\/\\\/www.bulkprocessingsystems.be\\\/fr\\\/#organization\"},\"potentialAction\":[{\"@type\":\"SearchAction\",\"target\":{\"@type\":\"EntryPoint\",\"urlTemplate\":\"https:\\\/\\\/www.bulkprocessingsystems.be\\\/fr\\\/?s={search_term_string}\"},\"query-input\":{\"@type\":\"PropertyValueSpecification\",\"valueRequired\":true,\"valueName\":\"search_term_string\"}}],\"inLanguage\":\"fr-FR\"},{\"@type\":\"Organization\",\"@id\":\"https:\\\/\\\/www.bulkprocessingsystems.be\\\/fr\\\/#organization\",\"name\":\"Bulk Processing Systems\",\"url\":\"https:\\\/\\\/www.bulkprocessingsystems.be\\\/fr\\\/\",\"logo\":{\"@type\":\"ImageObject\",\"inLanguage\":\"fr-FR\",\"@id\":\"https:\\\/\\\/www.bulkprocessingsystems.be\\\/fr\\\/#\\\/schema\\\/logo\\\/image\\\/\",\"url\":\"https:\\\/\\\/www.bulkprocessingsystems.be\\\/wp-content\\\/uploads\\\/2024\\\/07\\\/BPS-logo-II-transparant-zwart.png\",\"contentUrl\":\"https:\\\/\\\/www.bulkprocessingsystems.be\\\/wp-content\\\/uploads\\\/2024\\\/07\\\/BPS-logo-II-transparant-zwart.png\",\"width\":708,\"height\":528,\"caption\":\"Bulk Processing Systems\"},\"image\":{\"@id\":\"https:\\\/\\\/www.bulkprocessingsystems.be\\\/fr\\\/#\\\/schema\\\/logo\\\/image\\\/\"},\"sameAs\":[\"https:\\\/\\\/www.facebook.com\\\/profile.php?id=100054657810104\",\"https:\\\/\\\/www.linkedin.com\\\/company\\\/bulk-processing-systems\\\/\"]}]}<\/script>\n<!-- \/ Yoast SEO plugin. -->","yoast_head_json":{"title":"Vannes papillon VFP - Bulk Processing Systems","robots":{"index":"index","follow":"follow","max-snippet":"max-snippet:-1","max-image-preview":"max-image-preview:large","max-video-preview":"max-video-preview:-1"},"canonical":"https:\/\/www.bulkprocessingsystems.be\/fr\/produit\/vannes-papillon-vfp\/","og_locale":"fr_FR","og_type":"article","og_title":"Vannes papillon VFP - Bulk Processing Systems","og_description":"Les vannes papillon VFP sont constitu\u00e9es de deux moiti\u00e9s moul\u00e9es sous pression en alliage d'aluminium, d'un disque rotatif en technopolym\u00e8re SINT, en acier inoxydable ou en fonte, et d'un joint \u00e9lastom\u00e8re pr\u00e9form\u00e9. Pour les applications alimentaires, une version avec disque en acier inoxydable et joint approuv\u00e9 par la FDA est disponible. Les vannes papillon VFP peuvent \u00eatre utilis\u00e9es pour tous types de poudres ou de mat\u00e9riaux granulaires stock\u00e9s dans des silos ou des conteneurs. Elles sont employ\u00e9es dans divers types d'installations de traitement des mat\u00e9riaux en vrac, o\u00f9 il est n\u00e9cessaire de recueillir des poudres ou des granul\u00e9s aliment\u00e9s par gravit\u00e9 ou par pneumatique. Les vannes papillon VFP peuvent \u00eatre install\u00e9es sous des tr\u00e9mies, des r\u00e9servoirs, des silos, des convoyeurs \u00e0 vis ou d'autres syst\u00e8mes de transport, ou pour la collecte de mat\u00e9riel dans des conduites de transport pneumatique. Gr\u00e2ce \u00e0 leur conception sp\u00e9ciale et aux mat\u00e9riaux utilis\u00e9s, elles offrent une solution tr\u00e8s \u00e9conomique et efficace dans tous les traitements de produits o\u00f9 la contamination et la pollution du mat\u00e9riel sont des points critiques. Caract\u00e9ristiques techniques      V2FP avec brides sup\u00e9rieures et inf\u00e9rieures identiques  R\u00e9sistant \u00e0 la pression jusqu'\u00e0 0.2 bar (2.9 PSI)  Moiti\u00e9s moul\u00e9es sous pression, en alliage d'aluminium  Disque en fonte, SINT\u00ae, polyac\u00e9tal technopolym\u00e8re ou acier inoxydable  Joints pour applications standards ou alimentaires  Disques tr\u00e8s r\u00e9sistants \u00e0 l'usure, interchangeables  Nombre limit\u00e9 de pi\u00e8ces  Utilis\u00e9 pour des poudres, des granul\u00e9s  Options   Certifi\u00e9 ATEX (zone 22)  Avantages   Entretien rapide gr\u00e2ce au nombre r\u00e9duit de pi\u00e8ces  L\u00e9ger et facile \u00e0 manipuler gr\u00e2ce aux dimensions minimales en hauteur  Facile \u00e0 installer gr\u00e2ce \u00e0 la compatibilit\u00e9 avec les brides PN et ANSI  Faibles niveaux de d\u00e9p\u00f4t et de contamination gr\u00e2ce aux nouvelles dimensions d'entr\u00e9e disponibles.  NOUVEAU\u202f! Actionneur universel renforc\u00e9 avec indicateur de position inclus.   Livraison depuis stock","og_url":"https:\/\/www.bulkprocessingsystems.be\/fr\/produit\/vannes-papillon-vfp\/","og_site_name":"Bulk Processing Systems","article_publisher":"https:\/\/www.facebook.com\/profile.php?id=100054657810104","article_modified_time":"2024-09-10T11:53:28+00:00","og_image":[{"width":773,"height":1030,"url":"https:\/\/www.bulkprocessingsystems.be\/wp-content\/uploads\/2024\/09\/VFP-Vlinderkleppen-Vannes-Paillon-VFP-3.jpg","type":"image\/jpeg"}],"twitter_card":"summary_large_image","twitter_misc":{"Dur\u00e9e de lecture estim\u00e9e":"1 minute"},"schema":{"@context":"https:\/\/schema.org","@graph":[{"@type":"WebPage","@id":"https:\/\/www.bulkprocessingsystems.be\/fr\/produit\/vannes-papillon-vfp\/","url":"https:\/\/www.bulkprocessingsystems.be\/fr\/produit\/vannes-papillon-vfp\/","name":"Vannes papillon VFP - Bulk Processing Systems","isPartOf":{"@id":"https:\/\/www.bulkprocessingsystems.be\/fr\/#website"},"primaryImageOfPage":{"@id":"https:\/\/www.bulkprocessingsystems.be\/fr\/produit\/vannes-papillon-vfp\/#primaryimage"},"image":{"@id":"https:\/\/www.bulkprocessingsystems.be\/fr\/produit\/vannes-papillon-vfp\/#primaryimage"},"thumbnailUrl":"https:\/\/www.bulkprocessingsystems.be\/wp-content\/uploads\/2024\/09\/VFP-Vlinderkleppen-Vannes-Paillon-VFP-3.jpg","datePublished":"2024-09-04T10:25:17+00:00","dateModified":"2024-09-10T11:53:28+00:00","breadcrumb":{"@id":"https:\/\/www.bulkprocessingsystems.be\/fr\/produit\/vannes-papillon-vfp\/#breadcrumb"},"inLanguage":"fr-FR","potentialAction":[{"@type":"ReadAction","target":["https:\/\/www.bulkprocessingsystems.be\/fr\/produit\/vannes-papillon-vfp\/"]}]},{"@type":"ImageObject","inLanguage":"fr-FR","@id":"https:\/\/www.bulkprocessingsystems.be\/fr\/produit\/vannes-papillon-vfp\/#primaryimage","url":"https:\/\/www.bulkprocessingsystems.be\/wp-content\/uploads\/2024\/09\/VFP-Vlinderkleppen-Vannes-Paillon-VFP-3.jpg","contentUrl":"https:\/\/www.bulkprocessingsystems.be\/wp-content\/uploads\/2024\/09\/VFP-Vlinderkleppen-Vannes-Paillon-VFP-3.jpg","width":773,"height":1030,"caption":"Vannes Paillon VFP"},{"@type":"BreadcrumbList","@id":"https:\/\/www.bulkprocessingsystems.be\/fr\/produit\/vannes-papillon-vfp\/#breadcrumb","itemListElement":[{"@type":"ListItem","position":1,"name":"Home","item":"https:\/\/www.bulkprocessingsystems.be\/fr\/"},{"@type":"ListItem","position":2,"name":"Produits","item":"https:\/\/www.bulkprocessingsystems.be\/fr\/shop\/"},{"@type":"ListItem","position":3,"name":"Vannes papillon VFP"}]},{"@type":"WebSite","@id":"https:\/\/www.bulkprocessingsystems.be\/fr\/#website","url":"https:\/\/www.bulkprocessingsystems.be\/fr\/","name":"Bulk Processing Systems","description":"","publisher":{"@id":"https:\/\/www.bulkprocessingsystems.be\/fr\/#organization"},"potentialAction":[{"@type":"SearchAction","target":{"@type":"EntryPoint","urlTemplate":"https:\/\/www.bulkprocessingsystems.be\/fr\/?s={search_term_string}"},"query-input":{"@type":"PropertyValueSpecification","valueRequired":true,"valueName":"search_term_string"}}],"inLanguage":"fr-FR"},{"@type":"Organization","@id":"https:\/\/www.bulkprocessingsystems.be\/fr\/#organization","name":"Bulk Processing Systems","url":"https:\/\/www.bulkprocessingsystems.be\/fr\/","logo":{"@type":"ImageObject","inLanguage":"fr-FR","@id":"https:\/\/www.bulkprocessingsystems.be\/fr\/#\/schema\/logo\/image\/","url":"https:\/\/www.bulkprocessingsystems.be\/wp-content\/uploads\/2024\/07\/BPS-logo-II-transparant-zwart.png","contentUrl":"https:\/\/www.bulkprocessingsystems.be\/wp-content\/uploads\/2024\/07\/BPS-logo-II-transparant-zwart.png","width":708,"height":528,"caption":"Bulk Processing Systems"},"image":{"@id":"https:\/\/www.bulkprocessingsystems.be\/fr\/#\/schema\/logo\/image\/"},"sameAs":["https:\/\/www.facebook.com\/profile.php?id=100054657810104","https:\/\/www.linkedin.com\/company\/bulk-processing-systems\/"]}]}},"_links":{"self":[{"href":"https:\/\/www.bulkprocessingsystems.be\/fr\/wp-json\/wp\/v2\/product\/1911","targetHints":{"allow":["GET"]}}],"collection":[{"href":"https:\/\/www.bulkprocessingsystems.be\/fr\/wp-json\/wp\/v2\/product"}],"about":[{"href":"https:\/\/www.bulkprocessingsystems.be\/fr\/wp-json\/wp\/v2\/types\/product"}],"wp:featuredmedia":[{"embeddable":true,"href":"https:\/\/www.bulkprocessingsystems.be\/fr\/wp-json\/wp\/v2\/media\/1614"}],"wp:attachment":[{"href":"https:\/\/www.bulkprocessingsystems.be\/fr\/wp-json\/wp\/v2\/media?parent=1911"}],"wp:term":[{"taxonomy":"product_brand","embeddable":true,"href":"https:\/\/www.bulkprocessingsystems.be\/fr\/wp-json\/wp\/v2\/product_brand?post=1911"},{"taxonomy":"product_cat","embeddable":true,"href":"https:\/\/www.bulkprocessingsystems.be\/fr\/wp-json\/wp\/v2\/product_cat?post=1911"},{"taxonomy":"product_tag","embeddable":true,"href":"https:\/\/www.bulkprocessingsystems.be\/fr\/wp-json\/wp\/v2\/product_tag?post=1911"}],"curies":[{"name":"wp","href":"https:\/\/api.w.org\/{rel}","templated":true}]}}