{"id":1912,"date":"2024-09-04T10:16:50","date_gmt":"2024-09-04T10:16:50","guid":{"rendered":"https:\/\/www.bulkprocessingsystems.be\/product\/vannes-a-manchon\/"},"modified":"2024-09-10T11:51:33","modified_gmt":"2024-09-10T11:51:33","slug":"vannes-a-manchon","status":"publish","type":"product","link":"https:\/\/www.bulkprocessingsystems.be\/fr\/produit\/vannes-a-manchon\/","title":{"rendered":"Vannes \u00e0 manchon"},"content":{"rendered":"","protected":false},"excerpt":{"rendered":"<p>Les vannes \u00e0 manchon sont utilis\u00e9es pour capturer les flux de mat\u00e9riaux dans les syst\u00e8mes de transport pneumatique ou d&rsquo;autres pipelines. Dans l&rsquo;industrie des mati\u00e8res en vrac, les vannes \u00e0 manchon sont \u00e9galement souvent install\u00e9es comme dispositifs de fermeture pour les tuyaux de remplissage des silos. L&rsquo;application de ce type de vanne pr\u00e9sente de nombreux avantages, c&rsquo;est pourquoi elle est souvent utilis\u00e9e, y compris dans l&rsquo;industrie alimentaire. <\/br><\/br>Fonctions :    <\/p>\n<ul>\n<li>Diam\u00e8tre de passage de 13 mm (1\/2\u201d) \u00e0 200 mm (8\u201d)<\/li>\n<li>Temp\u00e9rature de fonctionnement : -20 ~ 80 \u00b0C (-4 ~ 176 \u00b0F)<\/li>\n<li>Diff\u00e9rents mat\u00e9riaux de manchon, adapt\u00e9s au mat\u00e9riau \u00e0 traiter<\/li>\n<li>Diff\u00e9rents mat\u00e9riaux de manchon, adapt\u00e9s au mat\u00e9riau \u00e0 traiter<\/li>\n<\/ul>\n<p> Avantages : <\/p>\n<ul>\n<li>Eenvoudige, snelle manchet- en busvervanging<\/li>\n<li>Passage complet du trou de forage sans perte de pression<\/li>\n<li>Aucun contact entre le mat\u00e9riau et le bo\u00eetier<\/li>\n<li>Adapt\u00e9 aux installations antid\u00e9flagrantes<\/li>\n<li>L\u00e9ger par rapport \u00e0 d&rsquo;autres marques et types de vannes<\/li>\n<li>Consommation d&rsquo;air particuli\u00e8rement basse<\/li>\n<li>Composants en contact avec les aliments pour l&rsquo;industrie alimentaire<\/li>\n<\/ul>\n","protected":false},"featured_media":1605,"template":"","meta":{"_et_pb_use_builder":"","_et_pb_old_content":"","_et_gb_content_width":""},"product_brand":[],"product_cat":[40,79],"product_tag":[],"class_list":{"0":"post-1912","1":"product","2":"type-product","3":"status-publish","4":"has-post-thumbnail","6":"product_cat-kleppen-fr","7":"product_cat-vannes-a-manchon","9":"first","10":"instock","11":"shipping-taxable","12":"purchasable","13":"product-type-simple"},"yoast_head":"<!-- This site is optimized with the Yoast SEO plugin v27.3 - https:\/\/yoast.com\/product\/yoast-seo-wordpress\/ -->\n<title>Vannes \u00e0 manchon - Bulk Processing Systems<\/title>\n<meta name=\"robots\" content=\"index, follow, max-snippet:-1, max-image-preview:large, max-video-preview:-1\" \/>\n<link rel=\"canonical\" href=\"https:\/\/www.bulkprocessingsystems.be\/fr\/produit\/vannes-a-manchon\/\" \/>\n<meta property=\"og:locale\" content=\"fr_FR\" \/>\n<meta property=\"og:type\" content=\"article\" \/>\n<meta property=\"og:title\" content=\"Vannes \u00e0 manchon - Bulk Processing Systems\" \/>\n<meta property=\"og:description\" content=\"Les vannes \u00e0 manchon sont utilis\u00e9es pour capturer les flux de mat\u00e9riaux dans les syst\u00e8mes de transport pneumatique ou d&#039;autres pipelines. Dans l&#039;industrie des mati\u00e8res en vrac, les vannes \u00e0 manchon sont \u00e9galement souvent install\u00e9es comme dispositifs de fermeture pour les tuyaux de remplissage des silos. L&#039;application de ce type de vanne pr\u00e9sente de nombreux avantages, c&#039;est pourquoi elle est souvent utilis\u00e9e, y compris dans l&#039;industrie alimentaire. Fonctions :    Diam\u00e8tre de passage de 13 mm (1\/2\u201d) \u00e0 200 mm (8\u201d)  Temp\u00e9rature de fonctionnement : -20 ~ 80 \u00b0C (-4 ~ 176 \u00b0F)  Diff\u00e9rents mat\u00e9riaux de manchon, adapt\u00e9s au mat\u00e9riau \u00e0 traiter  Diff\u00e9rents mat\u00e9riaux de manchon, adapt\u00e9s au mat\u00e9riau \u00e0 traiter  Avantages :   Eenvoudige, snelle manchet- en busvervanging  Passage complet du trou de forage sans perte de pression  Aucun contact entre le mat\u00e9riau et le bo\u00eetier  Adapt\u00e9 aux installations antid\u00e9flagrantes  L\u00e9ger par rapport \u00e0 d&#039;autres marques et types de vannes  Consommation d&#039;air particuli\u00e8rement basse  Composants en contact avec les aliments pour l&#039;industrie alimentaire\" \/>\n<meta property=\"og:url\" content=\"https:\/\/www.bulkprocessingsystems.be\/fr\/produit\/vannes-a-manchon\/\" \/>\n<meta property=\"og:site_name\" content=\"Bulk Processing Systems\" \/>\n<meta property=\"article:publisher\" content=\"https:\/\/www.facebook.com\/profile.php?id=100054657810104\" \/>\n<meta property=\"article:modified_time\" content=\"2024-09-10T11:51:33+00:00\" \/>\n<meta property=\"og:image\" content=\"https:\/\/www.bulkprocessingsystems.be\/wp-content\/uploads\/2024\/09\/Manchetafsluiters-Vannes-a-Manchon-1.jpg\" \/>\n\t<meta property=\"og:image:width\" content=\"870\" \/>\n\t<meta property=\"og:image:height\" content=\"450\" \/>\n\t<meta property=\"og:image:type\" content=\"image\/jpeg\" \/>\n<meta name=\"twitter:card\" content=\"summary_large_image\" \/>\n<meta name=\"twitter:label1\" content=\"Dur\u00e9e de lecture estim\u00e9e\" \/>\n\t<meta name=\"twitter:data1\" content=\"1 minute\" \/>\n<script type=\"application\/ld+json\" class=\"yoast-schema-graph\">{\"@context\":\"https:\\\/\\\/schema.org\",\"@graph\":[{\"@type\":\"WebPage\",\"@id\":\"https:\\\/\\\/www.bulkprocessingsystems.be\\\/fr\\\/produit\\\/vannes-a-manchon\\\/\",\"url\":\"https:\\\/\\\/www.bulkprocessingsystems.be\\\/fr\\\/produit\\\/vannes-a-manchon\\\/\",\"name\":\"Vannes \u00e0 manchon - Bulk Processing Systems\",\"isPartOf\":{\"@id\":\"https:\\\/\\\/www.bulkprocessingsystems.be\\\/fr\\\/#website\"},\"primaryImageOfPage\":{\"@id\":\"https:\\\/\\\/www.bulkprocessingsystems.be\\\/fr\\\/produit\\\/vannes-a-manchon\\\/#primaryimage\"},\"image\":{\"@id\":\"https:\\\/\\\/www.bulkprocessingsystems.be\\\/fr\\\/produit\\\/vannes-a-manchon\\\/#primaryimage\"},\"thumbnailUrl\":\"https:\\\/\\\/www.bulkprocessingsystems.be\\\/wp-content\\\/uploads\\\/2024\\\/09\\\/Manchetafsluiters-Vannes-a-Manchon-1.jpg\",\"datePublished\":\"2024-09-04T10:16:50+00:00\",\"dateModified\":\"2024-09-10T11:51:33+00:00\",\"breadcrumb\":{\"@id\":\"https:\\\/\\\/www.bulkprocessingsystems.be\\\/fr\\\/produit\\\/vannes-a-manchon\\\/#breadcrumb\"},\"inLanguage\":\"fr-FR\",\"potentialAction\":[{\"@type\":\"ReadAction\",\"target\":[\"https:\\\/\\\/www.bulkprocessingsystems.be\\\/fr\\\/produit\\\/vannes-a-manchon\\\/\"]}]},{\"@type\":\"ImageObject\",\"inLanguage\":\"fr-FR\",\"@id\":\"https:\\\/\\\/www.bulkprocessingsystems.be\\\/fr\\\/produit\\\/vannes-a-manchon\\\/#primaryimage\",\"url\":\"https:\\\/\\\/www.bulkprocessingsystems.be\\\/wp-content\\\/uploads\\\/2024\\\/09\\\/Manchetafsluiters-Vannes-a-Manchon-1.jpg\",\"contentUrl\":\"https:\\\/\\\/www.bulkprocessingsystems.be\\\/wp-content\\\/uploads\\\/2024\\\/09\\\/Manchetafsluiters-Vannes-a-Manchon-1.jpg\",\"width\":870,\"height\":450,\"caption\":\"Vannes \u00e0 Mancho\"},{\"@type\":\"BreadcrumbList\",\"@id\":\"https:\\\/\\\/www.bulkprocessingsystems.be\\\/fr\\\/produit\\\/vannes-a-manchon\\\/#breadcrumb\",\"itemListElement\":[{\"@type\":\"ListItem\",\"position\":1,\"name\":\"Home\",\"item\":\"https:\\\/\\\/www.bulkprocessingsystems.be\\\/fr\\\/\"},{\"@type\":\"ListItem\",\"position\":2,\"name\":\"Produits\",\"item\":\"https:\\\/\\\/www.bulkprocessingsystems.be\\\/fr\\\/shop\\\/\"},{\"@type\":\"ListItem\",\"position\":3,\"name\":\"Vannes \u00e0 manchon\"}]},{\"@type\":\"WebSite\",\"@id\":\"https:\\\/\\\/www.bulkprocessingsystems.be\\\/fr\\\/#website\",\"url\":\"https:\\\/\\\/www.bulkprocessingsystems.be\\\/fr\\\/\",\"name\":\"Bulk Processing Systems\",\"description\":\"\",\"publisher\":{\"@id\":\"https:\\\/\\\/www.bulkprocessingsystems.be\\\/fr\\\/#organization\"},\"potentialAction\":[{\"@type\":\"SearchAction\",\"target\":{\"@type\":\"EntryPoint\",\"urlTemplate\":\"https:\\\/\\\/www.bulkprocessingsystems.be\\\/fr\\\/?s={search_term_string}\"},\"query-input\":{\"@type\":\"PropertyValueSpecification\",\"valueRequired\":true,\"valueName\":\"search_term_string\"}}],\"inLanguage\":\"fr-FR\"},{\"@type\":\"Organization\",\"@id\":\"https:\\\/\\\/www.bulkprocessingsystems.be\\\/fr\\\/#organization\",\"name\":\"Bulk Processing Systems\",\"url\":\"https:\\\/\\\/www.bulkprocessingsystems.be\\\/fr\\\/\",\"logo\":{\"@type\":\"ImageObject\",\"inLanguage\":\"fr-FR\",\"@id\":\"https:\\\/\\\/www.bulkprocessingsystems.be\\\/fr\\\/#\\\/schema\\\/logo\\\/image\\\/\",\"url\":\"https:\\\/\\\/www.bulkprocessingsystems.be\\\/wp-content\\\/uploads\\\/2024\\\/07\\\/BPS-logo-II-transparant-zwart.png\",\"contentUrl\":\"https:\\\/\\\/www.bulkprocessingsystems.be\\\/wp-content\\\/uploads\\\/2024\\\/07\\\/BPS-logo-II-transparant-zwart.png\",\"width\":708,\"height\":528,\"caption\":\"Bulk Processing Systems\"},\"image\":{\"@id\":\"https:\\\/\\\/www.bulkprocessingsystems.be\\\/fr\\\/#\\\/schema\\\/logo\\\/image\\\/\"},\"sameAs\":[\"https:\\\/\\\/www.facebook.com\\\/profile.php?id=100054657810104\",\"https:\\\/\\\/www.linkedin.com\\\/company\\\/bulk-processing-systems\\\/\"]}]}<\/script>\n<!-- \/ Yoast SEO plugin. -->","yoast_head_json":{"title":"Vannes \u00e0 manchon - Bulk Processing Systems","robots":{"index":"index","follow":"follow","max-snippet":"max-snippet:-1","max-image-preview":"max-image-preview:large","max-video-preview":"max-video-preview:-1"},"canonical":"https:\/\/www.bulkprocessingsystems.be\/fr\/produit\/vannes-a-manchon\/","og_locale":"fr_FR","og_type":"article","og_title":"Vannes \u00e0 manchon - Bulk Processing Systems","og_description":"Les vannes \u00e0 manchon sont utilis\u00e9es pour capturer les flux de mat\u00e9riaux dans les syst\u00e8mes de transport pneumatique ou d'autres pipelines. Dans l'industrie des mati\u00e8res en vrac, les vannes \u00e0 manchon sont \u00e9galement souvent install\u00e9es comme dispositifs de fermeture pour les tuyaux de remplissage des silos. L'application de ce type de vanne pr\u00e9sente de nombreux avantages, c'est pourquoi elle est souvent utilis\u00e9e, y compris dans l'industrie alimentaire. Fonctions :    Diam\u00e8tre de passage de 13 mm (1\/2\u201d) \u00e0 200 mm (8\u201d)  Temp\u00e9rature de fonctionnement : -20 ~ 80 \u00b0C (-4 ~ 176 \u00b0F)  Diff\u00e9rents mat\u00e9riaux de manchon, adapt\u00e9s au mat\u00e9riau \u00e0 traiter  Diff\u00e9rents mat\u00e9riaux de manchon, adapt\u00e9s au mat\u00e9riau \u00e0 traiter  Avantages :   Eenvoudige, snelle manchet- en busvervanging  Passage complet du trou de forage sans perte de pression  Aucun contact entre le mat\u00e9riau et le bo\u00eetier  Adapt\u00e9 aux installations antid\u00e9flagrantes  L\u00e9ger par rapport \u00e0 d'autres marques et types de vannes  Consommation d'air particuli\u00e8rement basse  Composants en contact avec les aliments pour l'industrie alimentaire","og_url":"https:\/\/www.bulkprocessingsystems.be\/fr\/produit\/vannes-a-manchon\/","og_site_name":"Bulk Processing Systems","article_publisher":"https:\/\/www.facebook.com\/profile.php?id=100054657810104","article_modified_time":"2024-09-10T11:51:33+00:00","og_image":[{"width":870,"height":450,"url":"https:\/\/www.bulkprocessingsystems.be\/wp-content\/uploads\/2024\/09\/Manchetafsluiters-Vannes-a-Manchon-1.jpg","type":"image\/jpeg"}],"twitter_card":"summary_large_image","twitter_misc":{"Dur\u00e9e de lecture estim\u00e9e":"1 minute"},"schema":{"@context":"https:\/\/schema.org","@graph":[{"@type":"WebPage","@id":"https:\/\/www.bulkprocessingsystems.be\/fr\/produit\/vannes-a-manchon\/","url":"https:\/\/www.bulkprocessingsystems.be\/fr\/produit\/vannes-a-manchon\/","name":"Vannes \u00e0 manchon - Bulk Processing Systems","isPartOf":{"@id":"https:\/\/www.bulkprocessingsystems.be\/fr\/#website"},"primaryImageOfPage":{"@id":"https:\/\/www.bulkprocessingsystems.be\/fr\/produit\/vannes-a-manchon\/#primaryimage"},"image":{"@id":"https:\/\/www.bulkprocessingsystems.be\/fr\/produit\/vannes-a-manchon\/#primaryimage"},"thumbnailUrl":"https:\/\/www.bulkprocessingsystems.be\/wp-content\/uploads\/2024\/09\/Manchetafsluiters-Vannes-a-Manchon-1.jpg","datePublished":"2024-09-04T10:16:50+00:00","dateModified":"2024-09-10T11:51:33+00:00","breadcrumb":{"@id":"https:\/\/www.bulkprocessingsystems.be\/fr\/produit\/vannes-a-manchon\/#breadcrumb"},"inLanguage":"fr-FR","potentialAction":[{"@type":"ReadAction","target":["https:\/\/www.bulkprocessingsystems.be\/fr\/produit\/vannes-a-manchon\/"]}]},{"@type":"ImageObject","inLanguage":"fr-FR","@id":"https:\/\/www.bulkprocessingsystems.be\/fr\/produit\/vannes-a-manchon\/#primaryimage","url":"https:\/\/www.bulkprocessingsystems.be\/wp-content\/uploads\/2024\/09\/Manchetafsluiters-Vannes-a-Manchon-1.jpg","contentUrl":"https:\/\/www.bulkprocessingsystems.be\/wp-content\/uploads\/2024\/09\/Manchetafsluiters-Vannes-a-Manchon-1.jpg","width":870,"height":450,"caption":"Vannes \u00e0 Mancho"},{"@type":"BreadcrumbList","@id":"https:\/\/www.bulkprocessingsystems.be\/fr\/produit\/vannes-a-manchon\/#breadcrumb","itemListElement":[{"@type":"ListItem","position":1,"name":"Home","item":"https:\/\/www.bulkprocessingsystems.be\/fr\/"},{"@type":"ListItem","position":2,"name":"Produits","item":"https:\/\/www.bulkprocessingsystems.be\/fr\/shop\/"},{"@type":"ListItem","position":3,"name":"Vannes \u00e0 manchon"}]},{"@type":"WebSite","@id":"https:\/\/www.bulkprocessingsystems.be\/fr\/#website","url":"https:\/\/www.bulkprocessingsystems.be\/fr\/","name":"Bulk Processing Systems","description":"","publisher":{"@id":"https:\/\/www.bulkprocessingsystems.be\/fr\/#organization"},"potentialAction":[{"@type":"SearchAction","target":{"@type":"EntryPoint","urlTemplate":"https:\/\/www.bulkprocessingsystems.be\/fr\/?s={search_term_string}"},"query-input":{"@type":"PropertyValueSpecification","valueRequired":true,"valueName":"search_term_string"}}],"inLanguage":"fr-FR"},{"@type":"Organization","@id":"https:\/\/www.bulkprocessingsystems.be\/fr\/#organization","name":"Bulk Processing Systems","url":"https:\/\/www.bulkprocessingsystems.be\/fr\/","logo":{"@type":"ImageObject","inLanguage":"fr-FR","@id":"https:\/\/www.bulkprocessingsystems.be\/fr\/#\/schema\/logo\/image\/","url":"https:\/\/www.bulkprocessingsystems.be\/wp-content\/uploads\/2024\/07\/BPS-logo-II-transparant-zwart.png","contentUrl":"https:\/\/www.bulkprocessingsystems.be\/wp-content\/uploads\/2024\/07\/BPS-logo-II-transparant-zwart.png","width":708,"height":528,"caption":"Bulk Processing Systems"},"image":{"@id":"https:\/\/www.bulkprocessingsystems.be\/fr\/#\/schema\/logo\/image\/"},"sameAs":["https:\/\/www.facebook.com\/profile.php?id=100054657810104","https:\/\/www.linkedin.com\/company\/bulk-processing-systems\/"]}]}},"_links":{"self":[{"href":"https:\/\/www.bulkprocessingsystems.be\/fr\/wp-json\/wp\/v2\/product\/1912","targetHints":{"allow":["GET"]}}],"collection":[{"href":"https:\/\/www.bulkprocessingsystems.be\/fr\/wp-json\/wp\/v2\/product"}],"about":[{"href":"https:\/\/www.bulkprocessingsystems.be\/fr\/wp-json\/wp\/v2\/types\/product"}],"wp:featuredmedia":[{"embeddable":true,"href":"https:\/\/www.bulkprocessingsystems.be\/fr\/wp-json\/wp\/v2\/media\/1605"}],"wp:attachment":[{"href":"https:\/\/www.bulkprocessingsystems.be\/fr\/wp-json\/wp\/v2\/media?parent=1912"}],"wp:term":[{"taxonomy":"product_brand","embeddable":true,"href":"https:\/\/www.bulkprocessingsystems.be\/fr\/wp-json\/wp\/v2\/product_brand?post=1912"},{"taxonomy":"product_cat","embeddable":true,"href":"https:\/\/www.bulkprocessingsystems.be\/fr\/wp-json\/wp\/v2\/product_cat?post=1912"},{"taxonomy":"product_tag","embeddable":true,"href":"https:\/\/www.bulkprocessingsystems.be\/fr\/wp-json\/wp\/v2\/product_tag?post=1912"}],"curies":[{"name":"wp","href":"https:\/\/api.w.org\/{rel}","templated":true}]}}